{"id":105,"date":"2015-07-23T12:03:36","date_gmt":"2015-07-23T12:03:36","guid":{"rendered":"http:\/\/inspirythemesdemo.com\/realplaces\/?page_id=105"},"modified":"2026-02-26T09:43:55","modified_gmt":"2026-02-26T08:43:55","slug":"inicio","status":"publish","type":"page","link":"https:\/\/finquescampanya.com\/es\/","title":{"rendered":"Inicio"},"content":{"rendered":"","protected":false},"excerpt":{"rendered":"","protected":false},"author":2,"featured_media":0,"parent":0,"menu_order":0,"comment_status":"open","ping_status":"open","template":"page-templates\/home.php","meta":{"footnotes":""},"class_list":["post-105","page","type-page","status-publish","hentry","clearfix"],"yoast_head":"<!-- This site is optimized with the Yoast SEO plugin v26.3 - https:\/\/yoast.com\/wordpress\/plugins\/seo\/ -->\n<title>Alquiler y venta de inmuebles en Barcelona | Administradores de Fincas Campany\u00e0<\/title>\n<meta name=\"description\" content=\"Fincas Campany\u00e0 situada en el barrio de Sant Andreu de Barcelona que desde hace casi 100 a\u00f1os ofrecemos un amplio abanico de servicios inmobiliarios. Estamos especializados en la administraci\u00f3n de fincas, tanto de alquileres como de comunidades de propietarios, as\u00ed como en la compra y venta de inmuebles.\" \/>\n<meta name=\"robots\" content=\"index, follow, max-snippet:-1, max-image-preview:large, max-video-preview:-1\" \/>\n<link rel=\"canonical\" href=\"https:\/\/finquescampanya.com\/es\/\" \/>\n<meta property=\"og:locale\" content=\"es_ES\" \/>\n<meta property=\"og:type\" content=\"article\" \/>\n<meta property=\"og:title\" content=\"Alquiler y venta de inmuebles en Barcelona | Administradores de Fincas Campany\u00e0\" \/>\n<meta property=\"og:description\" content=\"Fincas Campany\u00e0 situada en el barrio de Sant Andreu de Barcelona que desde hace casi 100 a\u00f1os ofrecemos un amplio abanico de servicios inmobiliarios. Estamos especializados en la administraci\u00f3n de fincas, tanto de alquileres como de comunidades de propietarios, as\u00ed como en la compra y venta de inmuebles.\" \/>\n<meta property=\"og:url\" content=\"https:\/\/finquescampanya.com\/es\/\" \/>\n<meta property=\"og:site_name\" content=\"finquescampanya.com ag\u00e8ncia immobiliaria a Barcelona, Sant Andreu\" \/>\n<meta property=\"article:publisher\" content=\"https:\/\/www.facebook.com\/pages\/Finques-Campanya\/115265252208077\" \/>\n<meta property=\"article:modified_time\" content=\"2026-02-26T08:43:55+00:00\" \/>\n<meta property=\"og:image\" content=\"https:\/\/finquescampanya.com\/wp-content\/uploads\/2015\/12\/logo-final-pantone-WEB3.jpg\" \/>\n\t<meta property=\"og:image:width\" content=\"391\" \/>\n\t<meta property=\"og:image:height\" content=\"84\" \/>\n\t<meta property=\"og:image:type\" content=\"image\/jpeg\" \/>\n<meta name=\"twitter:card\" content=\"summary_large_image\" \/>\n<script type=\"application\/ld+json\" class=\"yoast-schema-graph\">{\"@context\":\"https:\/\/schema.org\",\"@graph\":[{\"@type\":\"WebPage\",\"@id\":\"https:\/\/finquescampanya.com\/es\/\",\"url\":\"https:\/\/finquescampanya.com\/es\/\",\"name\":\"Alquiler y venta de inmuebles en Barcelona | Administradores de Fincas Campany\u00e0\",\"isPartOf\":{\"@id\":\"https:\/\/finquescampanya.com\/es\/#website\"},\"datePublished\":\"2015-07-23T12:03:36+00:00\",\"dateModified\":\"2026-02-26T08:43:55+00:00\",\"description\":\"Fincas Campany\u00e0 situada en el barrio de Sant Andreu de Barcelona que desde hace casi 100 a\u00f1os ofrecemos un amplio abanico de servicios inmobiliarios. Estamos especializados en la administraci\u00f3n de fincas, tanto de alquileres como de comunidades de propietarios, as\u00ed como en la compra y venta de inmuebles.\",\"breadcrumb\":{\"@id\":\"https:\/\/finquescampanya.com\/es\/#breadcrumb\"},\"inLanguage\":\"es\",\"potentialAction\":[{\"@type\":\"ReadAction\",\"target\":[\"https:\/\/finquescampanya.com\/es\/\"]}]},{\"@type\":\"BreadcrumbList\",\"@id\":\"https:\/\/finquescampanya.com\/es\/#breadcrumb\",\"itemListElement\":[{\"@type\":\"ListItem\",\"position\":1,\"name\":\"Inici\",\"item\":\"https:\/\/finquescampanya.com\/es\/\"},{\"@type\":\"ListItem\",\"position\":2,\"name\":\"Inicio\"}]},{\"@type\":\"WebSite\",\"@id\":\"https:\/\/finquescampanya.com\/es\/#website\",\"url\":\"https:\/\/finquescampanya.com\/es\/\",\"name\":\"finquescampanya.com ag\u00e8ncia immobiliaria a Barcelona, Sant Andreu\",\"description\":\"Administradors de finques i agents immobiliaris des de 1915\",\"publisher\":{\"@id\":\"https:\/\/finquescampanya.com\/es\/#organization\"},\"potentialAction\":[{\"@type\":\"SearchAction\",\"target\":{\"@type\":\"EntryPoint\",\"urlTemplate\":\"https:\/\/finquescampanya.com\/es\/?s={search_term_string}\"},\"query-input\":{\"@type\":\"PropertyValueSpecification\",\"valueRequired\":true,\"valueName\":\"search_term_string\"}}],\"inLanguage\":\"es\"},{\"@type\":\"Organization\",\"@id\":\"https:\/\/finquescampanya.com\/es\/#organization\",\"name\":\"Finques campany\u00e0\",\"url\":\"https:\/\/finquescampanya.com\/es\/\",\"logo\":{\"@type\":\"ImageObject\",\"inLanguage\":\"es\",\"@id\":\"https:\/\/finquescampanya.com\/es\/#\/schema\/logo\/image\/\",\"url\":\"https:\/\/finquescampanya.com\/wp-content\/uploads\/2015\/12\/logo-final-pantone-WEB.jpg\",\"contentUrl\":\"https:\/\/finquescampanya.com\/wp-content\/uploads\/2015\/12\/logo-final-pantone-WEB.jpg\",\"width\":627,\"height\":134,\"caption\":\"Finques campany\u00e0\"},\"image\":{\"@id\":\"https:\/\/finquescampanya.com\/es\/#\/schema\/logo\/image\/\"},\"sameAs\":[\"https:\/\/www.facebook.com\/pages\/Finques-Campanya\/115265252208077\"]}]}<\/script>\n<!-- \/ Yoast SEO plugin. -->","yoast_head_json":{"title":"Alquiler y venta de inmuebles en Barcelona | Administradores de Fincas Campany\u00e0","description":"Fincas Campany\u00e0 situada en el barrio de Sant Andreu de Barcelona que desde hace casi 100 a\u00f1os ofrecemos un amplio abanico de servicios inmobiliarios. Estamos especializados en la administraci\u00f3n de fincas, tanto de alquileres como de comunidades de propietarios, as\u00ed como en la compra y venta de inmuebles.","robots":{"index":"index","follow":"follow","max-snippet":"max-snippet:-1","max-image-preview":"max-image-preview:large","max-video-preview":"max-video-preview:-1"},"canonical":"https:\/\/finquescampanya.com\/es\/","og_locale":"es_ES","og_type":"article","og_title":"Alquiler y venta de inmuebles en Barcelona | Administradores de Fincas Campany\u00e0","og_description":"Fincas Campany\u00e0 situada en el barrio de Sant Andreu de Barcelona que desde hace casi 100 a\u00f1os ofrecemos un amplio abanico de servicios inmobiliarios. Estamos especializados en la administraci\u00f3n de fincas, tanto de alquileres como de comunidades de propietarios, as\u00ed como en la compra y venta de inmuebles.","og_url":"https:\/\/finquescampanya.com\/es\/","og_site_name":"finquescampanya.com ag\u00e8ncia immobiliaria a Barcelona, Sant Andreu","article_publisher":"https:\/\/www.facebook.com\/pages\/Finques-Campanya\/115265252208077","article_modified_time":"2026-02-26T08:43:55+00:00","og_image":[{"width":391,"height":84,"url":"https:\/\/finquescampanya.com\/wp-content\/uploads\/2015\/12\/logo-final-pantone-WEB3.jpg","type":"image\/jpeg"}],"twitter_card":"summary_large_image","schema":{"@context":"https:\/\/schema.org","@graph":[{"@type":"WebPage","@id":"https:\/\/finquescampanya.com\/es\/","url":"https:\/\/finquescampanya.com\/es\/","name":"Alquiler y venta de inmuebles en Barcelona | Administradores de Fincas Campany\u00e0","isPartOf":{"@id":"https:\/\/finquescampanya.com\/es\/#website"},"datePublished":"2015-07-23T12:03:36+00:00","dateModified":"2026-02-26T08:43:55+00:00","description":"Fincas Campany\u00e0 situada en el barrio de Sant Andreu de Barcelona que desde hace casi 100 a\u00f1os ofrecemos un amplio abanico de servicios inmobiliarios. Estamos especializados en la administraci\u00f3n de fincas, tanto de alquileres como de comunidades de propietarios, as\u00ed como en la compra y venta de inmuebles.","breadcrumb":{"@id":"https:\/\/finquescampanya.com\/es\/#breadcrumb"},"inLanguage":"es","potentialAction":[{"@type":"ReadAction","target":["https:\/\/finquescampanya.com\/es\/"]}]},{"@type":"BreadcrumbList","@id":"https:\/\/finquescampanya.com\/es\/#breadcrumb","itemListElement":[{"@type":"ListItem","position":1,"name":"Inici","item":"https:\/\/finquescampanya.com\/es\/"},{"@type":"ListItem","position":2,"name":"Inicio"}]},{"@type":"WebSite","@id":"https:\/\/finquescampanya.com\/es\/#website","url":"https:\/\/finquescampanya.com\/es\/","name":"finquescampanya.com ag\u00e8ncia immobiliaria a Barcelona, Sant Andreu","description":"Administradors de finques i agents immobiliaris des de 1915","publisher":{"@id":"https:\/\/finquescampanya.com\/es\/#organization"},"potentialAction":[{"@type":"SearchAction","target":{"@type":"EntryPoint","urlTemplate":"https:\/\/finquescampanya.com\/es\/?s={search_term_string}"},"query-input":{"@type":"PropertyValueSpecification","valueRequired":true,"valueName":"search_term_string"}}],"inLanguage":"es"},{"@type":"Organization","@id":"https:\/\/finquescampanya.com\/es\/#organization","name":"Finques campany\u00e0","url":"https:\/\/finquescampanya.com\/es\/","logo":{"@type":"ImageObject","inLanguage":"es","@id":"https:\/\/finquescampanya.com\/es\/#\/schema\/logo\/image\/","url":"https:\/\/finquescampanya.com\/wp-content\/uploads\/2015\/12\/logo-final-pantone-WEB.jpg","contentUrl":"https:\/\/finquescampanya.com\/wp-content\/uploads\/2015\/12\/logo-final-pantone-WEB.jpg","width":627,"height":134,"caption":"Finques campany\u00e0"},"image":{"@id":"https:\/\/finquescampanya.com\/es\/#\/schema\/logo\/image\/"},"sameAs":["https:\/\/www.facebook.com\/pages\/Finques-Campanya\/115265252208077"]}]}},"_links":{"self":[{"href":"https:\/\/finquescampanya.com\/es\/wp-json\/wp\/v2\/pages\/105","targetHints":{"allow":["GET"]}}],"collection":[{"href":"https:\/\/finquescampanya.com\/es\/wp-json\/wp\/v2\/pages"}],"about":[{"href":"https:\/\/finquescampanya.com\/es\/wp-json\/wp\/v2\/types\/page"}],"author":[{"embeddable":true,"href":"https:\/\/finquescampanya.com\/es\/wp-json\/wp\/v2\/users\/2"}],"replies":[{"embeddable":true,"href":"https:\/\/finquescampanya.com\/es\/wp-json\/wp\/v2\/comments?post=105"}],"version-history":[{"count":1,"href":"https:\/\/finquescampanya.com\/es\/wp-json\/wp\/v2\/pages\/105\/revisions"}],"predecessor-version":[{"id":251,"href":"https:\/\/finquescampanya.com\/es\/wp-json\/wp\/v2\/pages\/105\/revisions\/251"}],"wp:attachment":[{"href":"https:\/\/finquescampanya.com\/es\/wp-json\/wp\/v2\/media?parent=105"}],"curies":[{"name":"wp","href":"https:\/\/api.w.org\/{rel}","templated":true}]}}