{"id":155,"date":"2015-07-23T23:26:14","date_gmt":"2015-07-23T23:26:14","guid":{"rendered":"http:\/\/inspirythemesdemo.com\/realplaces\/?page_id=155"},"modified":"2026-02-26T09:46:37","modified_gmt":"2026-02-26T08:46:37","slug":"contact","status":"publish","type":"page","link":"https:\/\/finquescampanya.com\/es\/contact\/","title":{"rendered":"Contactar"},"content":{"rendered":"<p>Si tiene cualquier consulta puede contactar con nosotros mediante el formulario, por correo electr\u00f3nico o v\u00eda telef\u00f3nica y le informaremos lo antes posible. Gracias<\/p>\n<p><a href=\"https:\/\/finquescampanya.com\/wp-content\/uploads\/2015\/10\/logo-final-pantone-WEB1.jpg\"><img decoding=\"async\" class=\"alignnone size-medium wp-image-458\" src=\"https:\/\/finquescampanya.com\/wp-content\/uploads\/2015\/10\/logo-final-pantone-WEB1-300x64.jpg\" alt=\"logo final pantone WEB\" width=\"300\" height=\"64\" srcset=\"https:\/\/finquescampanya.com\/wp-content\/uploads\/2015\/10\/logo-final-pantone-WEB1-300x64.jpg 300w, https:\/\/finquescampanya.com\/wp-content\/uploads\/2015\/10\/logo-final-pantone-WEB1-1024x219.jpg 1024w, https:\/\/finquescampanya.com\/wp-content\/uploads\/2015\/10\/logo-final-pantone-WEB1.jpg 2045w\" sizes=\"(max-width: 300px) 100vw, 300px\" \/><\/a><\/p>\n","protected":false},"excerpt":{"rendered":"<p>Si tiene cualquier consulta puede contactar con nosotros mediante el formulario, por correo electr\u00f3nico o v\u00eda telef\u00f3nica y le informaremos lo antes posible. Gracias<\/p>\n","protected":false},"author":2,"featured_media":0,"parent":0,"menu_order":0,"comment_status":"open","ping_status":"open","template":"page-templates\/contact.php","meta":{"footnotes":""},"class_list":["post-155","page","type-page","status-publish","hentry","clearfix"],"yoast_head":"<!-- This site is optimized with the Yoast SEO plugin v26.3 - https:\/\/yoast.com\/wordpress\/plugins\/seo\/ -->\n<title>Contacto Administradores de Fincas en Barcelona | Campany\u00e0<\/title>\n<meta name=\"description\" content=\"Fincas campany\u00e0 situada en el barrio de Sant Andreu que desde hace m\u00e1s de 100 a\u00f1os ofrecemos un amplio abanico de servicios inmobiliarios. Estamos especializados en la administraci\u00f3n de fincas, tanto de alquileres como de comunidades de propietarios, as\u00ed como en la compraventa de inmuebles.\" \/>\n<meta name=\"robots\" content=\"index, follow, max-snippet:-1, max-image-preview:large, max-video-preview:-1\" \/>\n<link rel=\"canonical\" href=\"https:\/\/finquescampanya.com\/es\/contact\/\" \/>\n<meta property=\"og:locale\" content=\"es_ES\" \/>\n<meta property=\"og:type\" content=\"article\" \/>\n<meta property=\"og:title\" content=\"Contacto Administradores de Fincas en Barcelona | Campany\u00e0\" \/>\n<meta property=\"og:description\" content=\"Fincas campany\u00e0 situada en el barrio de Sant Andreu que desde hace m\u00e1s de 100 a\u00f1os ofrecemos un amplio abanico de servicios inmobiliarios. Estamos especializados en la administraci\u00f3n de fincas, tanto de alquileres como de comunidades de propietarios, as\u00ed como en la compraventa de inmuebles.\" \/>\n<meta property=\"og:url\" content=\"https:\/\/finquescampanya.com\/es\/contact\/\" \/>\n<meta property=\"og:site_name\" content=\"finquescampanya.com ag\u00e8ncia immobiliaria a Barcelona, Sant Andreu\" \/>\n<meta property=\"article:publisher\" content=\"https:\/\/www.facebook.com\/pages\/Finques-Campanya\/115265252208077\" \/>\n<meta property=\"article:modified_time\" content=\"2026-02-26T08:46:37+00:00\" \/>\n<meta property=\"og:image\" content=\"https:\/\/finquescampanya.com\/wp-content\/uploads\/2015\/10\/logo-final-pantone-WEB1.jpg\" \/>\n\t<meta property=\"og:image:width\" content=\"2045\" \/>\n\t<meta property=\"og:image:height\" content=\"437\" \/>\n\t<meta property=\"og:image:type\" content=\"image\/jpeg\" \/>\n<meta name=\"twitter:card\" content=\"summary_large_image\" \/>\n<meta name=\"twitter:label1\" content=\"Tiempo de lectura\" \/>\n\t<meta name=\"twitter:data1\" content=\"1 minuto\" \/>\n<script type=\"application\/ld+json\" class=\"yoast-schema-graph\">{\"@context\":\"https:\/\/schema.org\",\"@graph\":[{\"@type\":\"WebPage\",\"@id\":\"https:\/\/finquescampanya.com\/es\/contact\/\",\"url\":\"https:\/\/finquescampanya.com\/es\/contact\/\",\"name\":\"Contacto Administradores de Fincas en Barcelona | Campany\u00e0\",\"isPartOf\":{\"@id\":\"https:\/\/finquescampanya.com\/es\/#website\"},\"primaryImageOfPage\":{\"@id\":\"https:\/\/finquescampanya.com\/es\/contact\/#primaryimage\"},\"image\":{\"@id\":\"https:\/\/finquescampanya.com\/es\/contact\/#primaryimage\"},\"thumbnailUrl\":\"https:\/\/finquescampanya.com\/wp-content\/uploads\/2015\/10\/logo-final-pantone-WEB1-300x64.jpg\",\"datePublished\":\"2015-07-23T23:26:14+00:00\",\"dateModified\":\"2026-02-26T08:46:37+00:00\",\"description\":\"Fincas campany\u00e0 situada en el barrio de Sant Andreu que desde hace m\u00e1s de 100 a\u00f1os ofrecemos un amplio abanico de servicios inmobiliarios. Estamos especializados en la administraci\u00f3n de fincas, tanto de alquileres como de comunidades de propietarios, as\u00ed como en la compraventa de inmuebles.\",\"breadcrumb\":{\"@id\":\"https:\/\/finquescampanya.com\/es\/contact\/#breadcrumb\"},\"inLanguage\":\"es\",\"potentialAction\":[{\"@type\":\"ReadAction\",\"target\":[\"https:\/\/finquescampanya.com\/es\/contact\/\"]}]},{\"@type\":\"ImageObject\",\"inLanguage\":\"es\",\"@id\":\"https:\/\/finquescampanya.com\/es\/contact\/#primaryimage\",\"url\":\"https:\/\/finquescampanya.com\/wp-content\/uploads\/2015\/10\/logo-final-pantone-WEB1-300x64.jpg\",\"contentUrl\":\"https:\/\/finquescampanya.com\/wp-content\/uploads\/2015\/10\/logo-final-pantone-WEB1-300x64.jpg\"},{\"@type\":\"BreadcrumbList\",\"@id\":\"https:\/\/finquescampanya.com\/es\/contact\/#breadcrumb\",\"itemListElement\":[{\"@type\":\"ListItem\",\"position\":1,\"name\":\"Inici\",\"item\":\"https:\/\/finquescampanya.com\/es\/\"},{\"@type\":\"ListItem\",\"position\":2,\"name\":\"Contactar\"}]},{\"@type\":\"WebSite\",\"@id\":\"https:\/\/finquescampanya.com\/es\/#website\",\"url\":\"https:\/\/finquescampanya.com\/es\/\",\"name\":\"finquescampanya.com ag\u00e8ncia immobiliaria a Barcelona, Sant Andreu\",\"description\":\"Administradors de finques i agents immobiliaris des de 1915\",\"publisher\":{\"@id\":\"https:\/\/finquescampanya.com\/es\/#organization\"},\"potentialAction\":[{\"@type\":\"SearchAction\",\"target\":{\"@type\":\"EntryPoint\",\"urlTemplate\":\"https:\/\/finquescampanya.com\/es\/?s={search_term_string}\"},\"query-input\":{\"@type\":\"PropertyValueSpecification\",\"valueRequired\":true,\"valueName\":\"search_term_string\"}}],\"inLanguage\":\"es\"},{\"@type\":\"Organization\",\"@id\":\"https:\/\/finquescampanya.com\/es\/#organization\",\"name\":\"Finques campany\u00e0\",\"url\":\"https:\/\/finquescampanya.com\/es\/\",\"logo\":{\"@type\":\"ImageObject\",\"inLanguage\":\"es\",\"@id\":\"https:\/\/finquescampanya.com\/es\/#\/schema\/logo\/image\/\",\"url\":\"https:\/\/finquescampanya.com\/wp-content\/uploads\/2015\/12\/logo-final-pantone-WEB.jpg\",\"contentUrl\":\"https:\/\/finquescampanya.com\/wp-content\/uploads\/2015\/12\/logo-final-pantone-WEB.jpg\",\"width\":627,\"height\":134,\"caption\":\"Finques campany\u00e0\"},\"image\":{\"@id\":\"https:\/\/finquescampanya.com\/es\/#\/schema\/logo\/image\/\"},\"sameAs\":[\"https:\/\/www.facebook.com\/pages\/Finques-Campanya\/115265252208077\"]}]}<\/script>\n<!-- \/ Yoast SEO plugin. -->","yoast_head_json":{"title":"Contacto Administradores de Fincas en Barcelona | Campany\u00e0","description":"Fincas campany\u00e0 situada en el barrio de Sant Andreu que desde hace m\u00e1s de 100 a\u00f1os ofrecemos un amplio abanico de servicios inmobiliarios. Estamos especializados en la administraci\u00f3n de fincas, tanto de alquileres como de comunidades de propietarios, as\u00ed como en la compraventa de inmuebles.","robots":{"index":"index","follow":"follow","max-snippet":"max-snippet:-1","max-image-preview":"max-image-preview:large","max-video-preview":"max-video-preview:-1"},"canonical":"https:\/\/finquescampanya.com\/es\/contact\/","og_locale":"es_ES","og_type":"article","og_title":"Contacto Administradores de Fincas en Barcelona | Campany\u00e0","og_description":"Fincas campany\u00e0 situada en el barrio de Sant Andreu que desde hace m\u00e1s de 100 a\u00f1os ofrecemos un amplio abanico de servicios inmobiliarios. Estamos especializados en la administraci\u00f3n de fincas, tanto de alquileres como de comunidades de propietarios, as\u00ed como en la compraventa de inmuebles.","og_url":"https:\/\/finquescampanya.com\/es\/contact\/","og_site_name":"finquescampanya.com ag\u00e8ncia immobiliaria a Barcelona, Sant Andreu","article_publisher":"https:\/\/www.facebook.com\/pages\/Finques-Campanya\/115265252208077","article_modified_time":"2026-02-26T08:46:37+00:00","og_image":[{"width":2045,"height":437,"url":"https:\/\/finquescampanya.com\/wp-content\/uploads\/2015\/10\/logo-final-pantone-WEB1.jpg","type":"image\/jpeg"}],"twitter_card":"summary_large_image","twitter_misc":{"Tiempo de lectura":"1 minuto"},"schema":{"@context":"https:\/\/schema.org","@graph":[{"@type":"WebPage","@id":"https:\/\/finquescampanya.com\/es\/contact\/","url":"https:\/\/finquescampanya.com\/es\/contact\/","name":"Contacto Administradores de Fincas en Barcelona | Campany\u00e0","isPartOf":{"@id":"https:\/\/finquescampanya.com\/es\/#website"},"primaryImageOfPage":{"@id":"https:\/\/finquescampanya.com\/es\/contact\/#primaryimage"},"image":{"@id":"https:\/\/finquescampanya.com\/es\/contact\/#primaryimage"},"thumbnailUrl":"https:\/\/finquescampanya.com\/wp-content\/uploads\/2015\/10\/logo-final-pantone-WEB1-300x64.jpg","datePublished":"2015-07-23T23:26:14+00:00","dateModified":"2026-02-26T08:46:37+00:00","description":"Fincas campany\u00e0 situada en el barrio de Sant Andreu que desde hace m\u00e1s de 100 a\u00f1os ofrecemos un amplio abanico de servicios inmobiliarios. Estamos especializados en la administraci\u00f3n de fincas, tanto de alquileres como de comunidades de propietarios, as\u00ed como en la compraventa de inmuebles.","breadcrumb":{"@id":"https:\/\/finquescampanya.com\/es\/contact\/#breadcrumb"},"inLanguage":"es","potentialAction":[{"@type":"ReadAction","target":["https:\/\/finquescampanya.com\/es\/contact\/"]}]},{"@type":"ImageObject","inLanguage":"es","@id":"https:\/\/finquescampanya.com\/es\/contact\/#primaryimage","url":"https:\/\/finquescampanya.com\/wp-content\/uploads\/2015\/10\/logo-final-pantone-WEB1-300x64.jpg","contentUrl":"https:\/\/finquescampanya.com\/wp-content\/uploads\/2015\/10\/logo-final-pantone-WEB1-300x64.jpg"},{"@type":"BreadcrumbList","@id":"https:\/\/finquescampanya.com\/es\/contact\/#breadcrumb","itemListElement":[{"@type":"ListItem","position":1,"name":"Inici","item":"https:\/\/finquescampanya.com\/es\/"},{"@type":"ListItem","position":2,"name":"Contactar"}]},{"@type":"WebSite","@id":"https:\/\/finquescampanya.com\/es\/#website","url":"https:\/\/finquescampanya.com\/es\/","name":"finquescampanya.com ag\u00e8ncia immobiliaria a Barcelona, Sant Andreu","description":"Administradors de finques i agents immobiliaris des de 1915","publisher":{"@id":"https:\/\/finquescampanya.com\/es\/#organization"},"potentialAction":[{"@type":"SearchAction","target":{"@type":"EntryPoint","urlTemplate":"https:\/\/finquescampanya.com\/es\/?s={search_term_string}"},"query-input":{"@type":"PropertyValueSpecification","valueRequired":true,"valueName":"search_term_string"}}],"inLanguage":"es"},{"@type":"Organization","@id":"https:\/\/finquescampanya.com\/es\/#organization","name":"Finques campany\u00e0","url":"https:\/\/finquescampanya.com\/es\/","logo":{"@type":"ImageObject","inLanguage":"es","@id":"https:\/\/finquescampanya.com\/es\/#\/schema\/logo\/image\/","url":"https:\/\/finquescampanya.com\/wp-content\/uploads\/2015\/12\/logo-final-pantone-WEB.jpg","contentUrl":"https:\/\/finquescampanya.com\/wp-content\/uploads\/2015\/12\/logo-final-pantone-WEB.jpg","width":627,"height":134,"caption":"Finques campany\u00e0"},"image":{"@id":"https:\/\/finquescampanya.com\/es\/#\/schema\/logo\/image\/"},"sameAs":["https:\/\/www.facebook.com\/pages\/Finques-Campanya\/115265252208077"]}]}},"_links":{"self":[{"href":"https:\/\/finquescampanya.com\/es\/wp-json\/wp\/v2\/pages\/155","targetHints":{"allow":["GET"]}}],"collection":[{"href":"https:\/\/finquescampanya.com\/es\/wp-json\/wp\/v2\/pages"}],"about":[{"href":"https:\/\/finquescampanya.com\/es\/wp-json\/wp\/v2\/types\/page"}],"author":[{"embeddable":true,"href":"https:\/\/finquescampanya.com\/es\/wp-json\/wp\/v2\/users\/2"}],"replies":[{"embeddable":true,"href":"https:\/\/finquescampanya.com\/es\/wp-json\/wp\/v2\/comments?post=155"}],"version-history":[{"count":10,"href":"https:\/\/finquescampanya.com\/es\/wp-json\/wp\/v2\/pages\/155\/revisions"}],"predecessor-version":[{"id":7780,"href":"https:\/\/finquescampanya.com\/es\/wp-json\/wp\/v2\/pages\/155\/revisions\/7780"}],"wp:attachment":[{"href":"https:\/\/finquescampanya.com\/es\/wp-json\/wp\/v2\/media?parent=155"}],"curies":[{"name":"wp","href":"https:\/\/api.w.org\/{rel}","templated":true}]}}