{"id":319,"date":"2015-09-12T07:42:23","date_gmt":"2015-09-12T07:42:23","guid":{"rendered":"https:\/\/finquescampanya.com\/es\/?page_id=319"},"modified":"2018-04-23T12:13:43","modified_gmt":"2018-04-23T10:13:43","slug":"resultado-de-la-busqueda","status":"publish","type":"page","link":"https:\/\/finquescampanya.com\/es\/resultado-de-la-busqueda\/","title":{"rendered":"Resultado de la b\u00fasqueda"},"content":{"rendered":"","protected":false},"excerpt":{"rendered":"","protected":false},"author":2,"featured_media":0,"parent":0,"menu_order":0,"comment_status":"closed","ping_status":"closed","template":"page-templates\/properties-search.php","meta":{"footnotes":""},"class_list":["post-319","page","type-page","status-publish","hentry","clearfix"],"yoast_head":"<!-- This site is optimized with the Yoast SEO plugin v26.3 - https:\/\/yoast.com\/wordpress\/plugins\/seo\/ -->\n<title>Buscador de inmuebles en Barcelona - Compraventa y alquiler<\/title>\n<meta name=\"description\" content=\"Encuentra f\u00e1cilmente el piso de alquiler o compra que estan buscando! Tambi\u00e9n tenemos clasificados, parkings, locales i otros inmuebles que pueden ser de tu inter\u00e9s.\" \/>\n<meta name=\"robots\" content=\"index, follow, max-snippet:-1, max-image-preview:large, max-video-preview:-1\" \/>\n<link rel=\"canonical\" href=\"https:\/\/finquescampanya.com\/es\/resultado-de-la-busqueda\/\" \/>\n<meta property=\"og:locale\" content=\"es_ES\" \/>\n<meta property=\"og:type\" content=\"article\" \/>\n<meta property=\"og:title\" content=\"Buscador de inmuebles en Barcelona - Compraventa y alquiler\" \/>\n<meta property=\"og:description\" content=\"Encuentra f\u00e1cilmente el piso de alquiler o compra que estan buscando! Tambi\u00e9n tenemos clasificados, parkings, locales i otros inmuebles que pueden ser de tu inter\u00e9s.\" \/>\n<meta property=\"og:url\" content=\"https:\/\/finquescampanya.com\/es\/resultado-de-la-busqueda\/\" \/>\n<meta property=\"og:site_name\" content=\"finquescampanya.com ag\u00e8ncia immobiliaria a Barcelona, Sant Andreu\" \/>\n<meta property=\"article:publisher\" content=\"https:\/\/www.facebook.com\/pages\/Finques-Campanya\/115265252208077\" \/>\n<meta property=\"article:modified_time\" content=\"2018-04-23T10:13:43+00:00\" \/>\n<meta property=\"og:image\" content=\"https:\/\/finquescampanya.com\/wp-content\/uploads\/2015\/12\/logo-final-pantone-WEB3.jpg\" \/>\n\t<meta property=\"og:image:width\" content=\"391\" \/>\n\t<meta property=\"og:image:height\" content=\"84\" \/>\n\t<meta property=\"og:image:type\" content=\"image\/jpeg\" \/>\n<meta name=\"twitter:card\" content=\"summary_large_image\" \/>\n<script type=\"application\/ld+json\" class=\"yoast-schema-graph\">{\"@context\":\"https:\/\/schema.org\",\"@graph\":[{\"@type\":\"WebPage\",\"@id\":\"https:\/\/finquescampanya.com\/es\/resultado-de-la-busqueda\/\",\"url\":\"https:\/\/finquescampanya.com\/es\/resultado-de-la-busqueda\/\",\"name\":\"Buscador de inmuebles en Barcelona - Compraventa y alquiler\",\"isPartOf\":{\"@id\":\"https:\/\/finquescampanya.com\/es\/#website\"},\"datePublished\":\"2015-09-12T07:42:23+00:00\",\"dateModified\":\"2018-04-23T10:13:43+00:00\",\"description\":\"Encuentra f\u00e1cilmente el piso de alquiler o compra que estan buscando! Tambi\u00e9n tenemos clasificados, parkings, locales i otros inmuebles que pueden ser de tu inter\u00e9s.\",\"breadcrumb\":{\"@id\":\"https:\/\/finquescampanya.com\/es\/resultado-de-la-busqueda\/#breadcrumb\"},\"inLanguage\":\"es\",\"potentialAction\":[{\"@type\":\"ReadAction\",\"target\":[\"https:\/\/finquescampanya.com\/es\/resultado-de-la-busqueda\/\"]}]},{\"@type\":\"BreadcrumbList\",\"@id\":\"https:\/\/finquescampanya.com\/es\/resultado-de-la-busqueda\/#breadcrumb\",\"itemListElement\":[{\"@type\":\"ListItem\",\"position\":1,\"name\":\"Inici\",\"item\":\"https:\/\/finquescampanya.com\/es\/\"},{\"@type\":\"ListItem\",\"position\":2,\"name\":\"Resultado de la b\u00fasqueda\"}]},{\"@type\":\"WebSite\",\"@id\":\"https:\/\/finquescampanya.com\/es\/#website\",\"url\":\"https:\/\/finquescampanya.com\/es\/\",\"name\":\"finquescampanya.com ag\u00e8ncia immobiliaria a Barcelona, Sant Andreu\",\"description\":\"Administradors de finques i agents immobiliaris des de 1915\",\"publisher\":{\"@id\":\"https:\/\/finquescampanya.com\/es\/#organization\"},\"potentialAction\":[{\"@type\":\"SearchAction\",\"target\":{\"@type\":\"EntryPoint\",\"urlTemplate\":\"https:\/\/finquescampanya.com\/es\/?s={search_term_string}\"},\"query-input\":{\"@type\":\"PropertyValueSpecification\",\"valueRequired\":true,\"valueName\":\"search_term_string\"}}],\"inLanguage\":\"es\"},{\"@type\":\"Organization\",\"@id\":\"https:\/\/finquescampanya.com\/es\/#organization\",\"name\":\"Finques campany\u00e0\",\"url\":\"https:\/\/finquescampanya.com\/es\/\",\"logo\":{\"@type\":\"ImageObject\",\"inLanguage\":\"es\",\"@id\":\"https:\/\/finquescampanya.com\/es\/#\/schema\/logo\/image\/\",\"url\":\"https:\/\/finquescampanya.com\/wp-content\/uploads\/2015\/12\/logo-final-pantone-WEB.jpg\",\"contentUrl\":\"https:\/\/finquescampanya.com\/wp-content\/uploads\/2015\/12\/logo-final-pantone-WEB.jpg\",\"width\":627,\"height\":134,\"caption\":\"Finques campany\u00e0\"},\"image\":{\"@id\":\"https:\/\/finquescampanya.com\/es\/#\/schema\/logo\/image\/\"},\"sameAs\":[\"https:\/\/www.facebook.com\/pages\/Finques-Campanya\/115265252208077\"]}]}<\/script>\n<!-- \/ Yoast SEO plugin. -->","yoast_head_json":{"title":"Buscador de inmuebles en Barcelona - Compraventa y alquiler","description":"Encuentra f\u00e1cilmente el piso de alquiler o compra que estan buscando! Tambi\u00e9n tenemos clasificados, parkings, locales i otros inmuebles que pueden ser de tu inter\u00e9s.","robots":{"index":"index","follow":"follow","max-snippet":"max-snippet:-1","max-image-preview":"max-image-preview:large","max-video-preview":"max-video-preview:-1"},"canonical":"https:\/\/finquescampanya.com\/es\/resultado-de-la-busqueda\/","og_locale":"es_ES","og_type":"article","og_title":"Buscador de inmuebles en Barcelona - Compraventa y alquiler","og_description":"Encuentra f\u00e1cilmente el piso de alquiler o compra que estan buscando! Tambi\u00e9n tenemos clasificados, parkings, locales i otros inmuebles que pueden ser de tu inter\u00e9s.","og_url":"https:\/\/finquescampanya.com\/es\/resultado-de-la-busqueda\/","og_site_name":"finquescampanya.com ag\u00e8ncia immobiliaria a Barcelona, Sant Andreu","article_publisher":"https:\/\/www.facebook.com\/pages\/Finques-Campanya\/115265252208077","article_modified_time":"2018-04-23T10:13:43+00:00","og_image":[{"width":391,"height":84,"url":"https:\/\/finquescampanya.com\/wp-content\/uploads\/2015\/12\/logo-final-pantone-WEB3.jpg","type":"image\/jpeg"}],"twitter_card":"summary_large_image","schema":{"@context":"https:\/\/schema.org","@graph":[{"@type":"WebPage","@id":"https:\/\/finquescampanya.com\/es\/resultado-de-la-busqueda\/","url":"https:\/\/finquescampanya.com\/es\/resultado-de-la-busqueda\/","name":"Buscador de inmuebles en Barcelona - Compraventa y alquiler","isPartOf":{"@id":"https:\/\/finquescampanya.com\/es\/#website"},"datePublished":"2015-09-12T07:42:23+00:00","dateModified":"2018-04-23T10:13:43+00:00","description":"Encuentra f\u00e1cilmente el piso de alquiler o compra que estan buscando! Tambi\u00e9n tenemos clasificados, parkings, locales i otros inmuebles que pueden ser de tu inter\u00e9s.","breadcrumb":{"@id":"https:\/\/finquescampanya.com\/es\/resultado-de-la-busqueda\/#breadcrumb"},"inLanguage":"es","potentialAction":[{"@type":"ReadAction","target":["https:\/\/finquescampanya.com\/es\/resultado-de-la-busqueda\/"]}]},{"@type":"BreadcrumbList","@id":"https:\/\/finquescampanya.com\/es\/resultado-de-la-busqueda\/#breadcrumb","itemListElement":[{"@type":"ListItem","position":1,"name":"Inici","item":"https:\/\/finquescampanya.com\/es\/"},{"@type":"ListItem","position":2,"name":"Resultado de la b\u00fasqueda"}]},{"@type":"WebSite","@id":"https:\/\/finquescampanya.com\/es\/#website","url":"https:\/\/finquescampanya.com\/es\/","name":"finquescampanya.com ag\u00e8ncia immobiliaria a Barcelona, Sant Andreu","description":"Administradors de finques i agents immobiliaris des de 1915","publisher":{"@id":"https:\/\/finquescampanya.com\/es\/#organization"},"potentialAction":[{"@type":"SearchAction","target":{"@type":"EntryPoint","urlTemplate":"https:\/\/finquescampanya.com\/es\/?s={search_term_string}"},"query-input":{"@type":"PropertyValueSpecification","valueRequired":true,"valueName":"search_term_string"}}],"inLanguage":"es"},{"@type":"Organization","@id":"https:\/\/finquescampanya.com\/es\/#organization","name":"Finques campany\u00e0","url":"https:\/\/finquescampanya.com\/es\/","logo":{"@type":"ImageObject","inLanguage":"es","@id":"https:\/\/finquescampanya.com\/es\/#\/schema\/logo\/image\/","url":"https:\/\/finquescampanya.com\/wp-content\/uploads\/2015\/12\/logo-final-pantone-WEB.jpg","contentUrl":"https:\/\/finquescampanya.com\/wp-content\/uploads\/2015\/12\/logo-final-pantone-WEB.jpg","width":627,"height":134,"caption":"Finques campany\u00e0"},"image":{"@id":"https:\/\/finquescampanya.com\/es\/#\/schema\/logo\/image\/"},"sameAs":["https:\/\/www.facebook.com\/pages\/Finques-Campanya\/115265252208077"]}]}},"_links":{"self":[{"href":"https:\/\/finquescampanya.com\/es\/wp-json\/wp\/v2\/pages\/319","targetHints":{"allow":["GET"]}}],"collection":[{"href":"https:\/\/finquescampanya.com\/es\/wp-json\/wp\/v2\/pages"}],"about":[{"href":"https:\/\/finquescampanya.com\/es\/wp-json\/wp\/v2\/types\/page"}],"author":[{"embeddable":true,"href":"https:\/\/finquescampanya.com\/es\/wp-json\/wp\/v2\/users\/2"}],"replies":[{"embeddable":true,"href":"https:\/\/finquescampanya.com\/es\/wp-json\/wp\/v2\/comments?post=319"}],"version-history":[{"count":1,"href":"https:\/\/finquescampanya.com\/es\/wp-json\/wp\/v2\/pages\/319\/revisions"}],"predecessor-version":[{"id":320,"href":"https:\/\/finquescampanya.com\/es\/wp-json\/wp\/v2\/pages\/319\/revisions\/320"}],"wp:attachment":[{"href":"https:\/\/finquescampanya.com\/es\/wp-json\/wp\/v2\/media?parent=319"}],"curies":[{"name":"wp","href":"https:\/\/api.w.org\/{rel}","templated":true}]}}