{"id":359,"date":"2015-09-28T09:49:54","date_gmt":"2015-09-28T09:49:54","guid":{"rendered":"https:\/\/finquescampanya.com\/es\/?page_id=359"},"modified":"2026-02-26T09:44:51","modified_gmt":"2026-02-26T08:44:51","slug":"empresa","status":"publish","type":"page","link":"https:\/\/finquescampanya.com\/es\/empresa\/","title":{"rendered":"Empresa"},"content":{"rendered":"<h3><strong>Finques Campany\u00e0.\u00a0<\/strong><\/h3>\n<h4><strong>Alquiler y compraventa de inmuebles y administradores de fincas.<\/strong><\/h4>\n<p>Somos una empresa familiar situada en el barrio de\u00a0<strong>Sant Andreu<\/strong>\u00a0que desde hace m\u00e1s de 100 a\u00f1os ofrecemos un amplio abanico de servicios inmobiliarios. Estamos especializados en la administraci\u00f3n de fincas, tanto de alquileres como de comunidades de propietarios, as\u00ed como en la compraventa de inmuebles.<\/p>\n<p>Nuestra filosof\u00eda es dar un <strong>trato personalizado<\/strong> y cercano al cliente, no s\u00f3lo cumplir con sus expectativas sino tambi\u00e9n superarlas. Asimismo, el hecho de ser una empresa familiar nos facilita ser m\u00e1s flexibles y din\u00e1micos, permiti\u00e9ndonos una mayor agilidad para adaptarse a un sector en constante evoluci\u00f3n.<\/p>\n<p>Con <strong>la tercera generaci\u00f3n<\/strong> al frente, seguimos teniendo los mismos principios y valores de siempre que nos han merecido la confianza de nuestros clientes, pero con nuevos objetivos y herramientas para afrontar <strong>los futuros retos <\/strong>con ilusi\u00f3n y compromiso.<\/p>\n<p><a href=\"https:\/\/finquescampanya.com\/es\/aviso-legal\/\" target=\"_blank\" rel=\"noopener\"><em><strong>Aviso legal, datos\u00a0de empresa\u00a0y\u00a0<strong>copyright<\/strong><\/strong><\/em><\/a><\/p>\n<p><em><strong><a href=\"https:\/\/finquescampanya.com\/es\/aviso-legal\/\" target=\"_blank\" rel=\"noopener\"><br \/>\n<img decoding=\"async\" class=\"alignnone size-medium wp-image-458\" src=\"https:\/\/finquescampanya.com\/wp-content\/uploads\/2015\/10\/logo-final-pantone-WEB1-300x64.jpg\" alt=\"logo final pantone WEB\" width=\"300\" height=\"64\" srcset=\"https:\/\/finquescampanya.com\/wp-content\/uploads\/2015\/10\/logo-final-pantone-WEB1-300x64.jpg 300w, https:\/\/finquescampanya.com\/wp-content\/uploads\/2015\/10\/logo-final-pantone-WEB1-1024x219.jpg 1024w, https:\/\/finquescampanya.com\/wp-content\/uploads\/2015\/10\/logo-final-pantone-WEB1.jpg 2045w\" sizes=\"(max-width: 300px) 100vw, 300px\" \/><br \/>\n<\/a><\/strong><\/em><\/p>\n<p><em>C\/ Coroleu,\u00a0<\/em><span class=\"s1\">3 Bxs.3a<br \/>\n<\/span><em><em style=\"line-height: 1.5;\">Tel:<span class=\"telefono\">93 360 09 10<br \/>\n<\/span><\/em><\/em><em style=\"line-height: 1.5;\">info@finquescampanya.com<\/em><\/p>\n<p>&nbsp;<\/p>\n<p><a href=\"https:\/\/finquescampanya.com\/wp-content\/uploads\/2015\/09\/administradors-finques-andreu_C-copia.jpg\"><img decoding=\"async\" class=\"alignnone wp-image-379 size-full\" src=\"https:\/\/finquescampanya.com\/wp-content\/uploads\/2015\/09\/administradors-finques-andreu_C-copia.jpg\" alt=\"administradors-finques-andreu_C copia\" width=\"648\" height=\"104\" srcset=\"https:\/\/finquescampanya.com\/wp-content\/uploads\/2015\/09\/administradors-finques-andreu_C-copia.jpg 648w, https:\/\/finquescampanya.com\/wp-content\/uploads\/2015\/09\/administradors-finques-andreu_C-copia-300x48.jpg 300w\" sizes=\"(max-width: 648px) 100vw, 648px\" \/><\/a><\/p>\n<p>&nbsp;<\/p>\n","protected":false},"excerpt":{"rendered":"<p>Finques Campany\u00e0.\u00a0 Alquiler y compraventa de inmuebles y administradores de fincas. Somos una empresa familiar situada en el barrio de\u00a0Sant Andreu\u00a0que desde hace m\u00e1s de 100 a\u00f1os ofrecemos un amplio abanico de servicios inmobiliarios. Estamos especializados en la administraci\u00f3n de fincas, tanto de alquileres como de comunidades de propietarios, as\u00ed como en la compraventa de [&hellip;]<\/p>\n","protected":false},"author":2,"featured_media":0,"parent":0,"menu_order":0,"comment_status":"closed","ping_status":"closed","template":"","meta":{"footnotes":""},"class_list":["post-359","page","type-page","status-publish","hentry","clearfix"],"yoast_head":"<!-- This site is optimized with the Yoast SEO plugin v26.3 - https:\/\/yoast.com\/wordpress\/plugins\/seo\/ -->\n<title>Administradores de Fincas en Barcelona | Campany\u00e0<\/title>\n<meta name=\"description\" content=\"Fincas Campany\u00e0 empresa familiar situada en el barrio de\u00a0Sant Andreu\u00a0que desde hace m\u00e1s de 100 a\u00f1os ofrecemos un amplio abanico de servicios inmobiliarios. Estamos especializados en alquiler y compraventa de inmuebles, como en la administraci\u00f3n de fincas, tanto de alquileres como de comunidades de propietarios.\" \/>\n<meta name=\"robots\" content=\"index, follow, max-snippet:-1, max-image-preview:large, max-video-preview:-1\" \/>\n<link rel=\"canonical\" href=\"https:\/\/finquescampanya.com\/es\/empresa\/\" \/>\n<meta property=\"og:locale\" content=\"es_ES\" \/>\n<meta property=\"og:type\" content=\"article\" \/>\n<meta property=\"og:title\" content=\"Administradores de Fincas en Barcelona | Campany\u00e0\" \/>\n<meta property=\"og:description\" content=\"Fincas Campany\u00e0 empresa familiar situada en el barrio de\u00a0Sant Andreu\u00a0que desde hace m\u00e1s de 100 a\u00f1os ofrecemos un amplio abanico de servicios inmobiliarios. Estamos especializados en alquiler y compraventa de inmuebles, como en la administraci\u00f3n de fincas, tanto de alquileres como de comunidades de propietarios.\" \/>\n<meta property=\"og:url\" content=\"https:\/\/finquescampanya.com\/es\/empresa\/\" \/>\n<meta property=\"og:site_name\" content=\"finquescampanya.com ag\u00e8ncia immobiliaria a Barcelona, Sant Andreu\" \/>\n<meta property=\"article:publisher\" content=\"https:\/\/www.facebook.com\/pages\/Finques-Campanya\/115265252208077\" \/>\n<meta property=\"article:modified_time\" content=\"2026-02-26T08:44:51+00:00\" \/>\n<meta property=\"og:image\" content=\"https:\/\/finquescampanya.com\/wp-content\/uploads\/2015\/10\/logo-final-pantone-WEB1.jpg\" \/>\n\t<meta property=\"og:image:width\" content=\"2045\" \/>\n\t<meta property=\"og:image:height\" content=\"437\" \/>\n\t<meta property=\"og:image:type\" content=\"image\/jpeg\" \/>\n<meta name=\"twitter:card\" content=\"summary_large_image\" \/>\n<meta name=\"twitter:label1\" content=\"Tiempo de lectura\" \/>\n\t<meta name=\"twitter:data1\" content=\"2 minutos\" \/>\n<script type=\"application\/ld+json\" class=\"yoast-schema-graph\">{\"@context\":\"https:\/\/schema.org\",\"@graph\":[{\"@type\":\"WebPage\",\"@id\":\"https:\/\/finquescampanya.com\/es\/empresa\/\",\"url\":\"https:\/\/finquescampanya.com\/es\/empresa\/\",\"name\":\"Administradores de Fincas en Barcelona | Campany\u00e0\",\"isPartOf\":{\"@id\":\"https:\/\/finquescampanya.com\/es\/#website\"},\"primaryImageOfPage\":{\"@id\":\"https:\/\/finquescampanya.com\/es\/empresa\/#primaryimage\"},\"image\":{\"@id\":\"https:\/\/finquescampanya.com\/es\/empresa\/#primaryimage\"},\"thumbnailUrl\":\"https:\/\/finquescampanya.com\/wp-content\/uploads\/2015\/10\/logo-final-pantone-WEB1-300x64.jpg\",\"datePublished\":\"2015-09-28T09:49:54+00:00\",\"dateModified\":\"2026-02-26T08:44:51+00:00\",\"description\":\"Fincas Campany\u00e0 empresa familiar situada en el barrio de\u00a0Sant Andreu\u00a0que desde hace m\u00e1s de 100 a\u00f1os ofrecemos un amplio abanico de servicios inmobiliarios. Estamos especializados en alquiler y compraventa de inmuebles, como en la administraci\u00f3n de fincas, tanto de alquileres como de comunidades de propietarios.\",\"breadcrumb\":{\"@id\":\"https:\/\/finquescampanya.com\/es\/empresa\/#breadcrumb\"},\"inLanguage\":\"es\",\"potentialAction\":[{\"@type\":\"ReadAction\",\"target\":[\"https:\/\/finquescampanya.com\/es\/empresa\/\"]}]},{\"@type\":\"ImageObject\",\"inLanguage\":\"es\",\"@id\":\"https:\/\/finquescampanya.com\/es\/empresa\/#primaryimage\",\"url\":\"https:\/\/finquescampanya.com\/wp-content\/uploads\/2015\/10\/logo-final-pantone-WEB1-300x64.jpg\",\"contentUrl\":\"https:\/\/finquescampanya.com\/wp-content\/uploads\/2015\/10\/logo-final-pantone-WEB1-300x64.jpg\"},{\"@type\":\"BreadcrumbList\",\"@id\":\"https:\/\/finquescampanya.com\/es\/empresa\/#breadcrumb\",\"itemListElement\":[{\"@type\":\"ListItem\",\"position\":1,\"name\":\"Inici\",\"item\":\"https:\/\/finquescampanya.com\/es\/\"},{\"@type\":\"ListItem\",\"position\":2,\"name\":\"Empresa\"}]},{\"@type\":\"WebSite\",\"@id\":\"https:\/\/finquescampanya.com\/es\/#website\",\"url\":\"https:\/\/finquescampanya.com\/es\/\",\"name\":\"finquescampanya.com ag\u00e8ncia immobiliaria a Barcelona, Sant Andreu\",\"description\":\"Administradors de finques i agents immobiliaris des de 1915\",\"publisher\":{\"@id\":\"https:\/\/finquescampanya.com\/es\/#organization\"},\"potentialAction\":[{\"@type\":\"SearchAction\",\"target\":{\"@type\":\"EntryPoint\",\"urlTemplate\":\"https:\/\/finquescampanya.com\/es\/?s={search_term_string}\"},\"query-input\":{\"@type\":\"PropertyValueSpecification\",\"valueRequired\":true,\"valueName\":\"search_term_string\"}}],\"inLanguage\":\"es\"},{\"@type\":\"Organization\",\"@id\":\"https:\/\/finquescampanya.com\/es\/#organization\",\"name\":\"Finques campany\u00e0\",\"url\":\"https:\/\/finquescampanya.com\/es\/\",\"logo\":{\"@type\":\"ImageObject\",\"inLanguage\":\"es\",\"@id\":\"https:\/\/finquescampanya.com\/es\/#\/schema\/logo\/image\/\",\"url\":\"https:\/\/finquescampanya.com\/wp-content\/uploads\/2015\/12\/logo-final-pantone-WEB.jpg\",\"contentUrl\":\"https:\/\/finquescampanya.com\/wp-content\/uploads\/2015\/12\/logo-final-pantone-WEB.jpg\",\"width\":627,\"height\":134,\"caption\":\"Finques campany\u00e0\"},\"image\":{\"@id\":\"https:\/\/finquescampanya.com\/es\/#\/schema\/logo\/image\/\"},\"sameAs\":[\"https:\/\/www.facebook.com\/pages\/Finques-Campanya\/115265252208077\"]}]}<\/script>\n<!-- \/ Yoast SEO plugin. -->","yoast_head_json":{"title":"Administradores de Fincas en Barcelona | Campany\u00e0","description":"Fincas Campany\u00e0 empresa familiar situada en el barrio de\u00a0Sant Andreu\u00a0que desde hace m\u00e1s de 100 a\u00f1os ofrecemos un amplio abanico de servicios inmobiliarios. Estamos especializados en alquiler y compraventa de inmuebles, como en la administraci\u00f3n de fincas, tanto de alquileres como de comunidades de propietarios.","robots":{"index":"index","follow":"follow","max-snippet":"max-snippet:-1","max-image-preview":"max-image-preview:large","max-video-preview":"max-video-preview:-1"},"canonical":"https:\/\/finquescampanya.com\/es\/empresa\/","og_locale":"es_ES","og_type":"article","og_title":"Administradores de Fincas en Barcelona | Campany\u00e0","og_description":"Fincas Campany\u00e0 empresa familiar situada en el barrio de\u00a0Sant Andreu\u00a0que desde hace m\u00e1s de 100 a\u00f1os ofrecemos un amplio abanico de servicios inmobiliarios. Estamos especializados en alquiler y compraventa de inmuebles, como en la administraci\u00f3n de fincas, tanto de alquileres como de comunidades de propietarios.","og_url":"https:\/\/finquescampanya.com\/es\/empresa\/","og_site_name":"finquescampanya.com ag\u00e8ncia immobiliaria a Barcelona, Sant Andreu","article_publisher":"https:\/\/www.facebook.com\/pages\/Finques-Campanya\/115265252208077","article_modified_time":"2026-02-26T08:44:51+00:00","og_image":[{"width":2045,"height":437,"url":"https:\/\/finquescampanya.com\/wp-content\/uploads\/2015\/10\/logo-final-pantone-WEB1.jpg","type":"image\/jpeg"}],"twitter_card":"summary_large_image","twitter_misc":{"Tiempo de lectura":"2 minutos"},"schema":{"@context":"https:\/\/schema.org","@graph":[{"@type":"WebPage","@id":"https:\/\/finquescampanya.com\/es\/empresa\/","url":"https:\/\/finquescampanya.com\/es\/empresa\/","name":"Administradores de Fincas en Barcelona | Campany\u00e0","isPartOf":{"@id":"https:\/\/finquescampanya.com\/es\/#website"},"primaryImageOfPage":{"@id":"https:\/\/finquescampanya.com\/es\/empresa\/#primaryimage"},"image":{"@id":"https:\/\/finquescampanya.com\/es\/empresa\/#primaryimage"},"thumbnailUrl":"https:\/\/finquescampanya.com\/wp-content\/uploads\/2015\/10\/logo-final-pantone-WEB1-300x64.jpg","datePublished":"2015-09-28T09:49:54+00:00","dateModified":"2026-02-26T08:44:51+00:00","description":"Fincas Campany\u00e0 empresa familiar situada en el barrio de\u00a0Sant Andreu\u00a0que desde hace m\u00e1s de 100 a\u00f1os ofrecemos un amplio abanico de servicios inmobiliarios. Estamos especializados en alquiler y compraventa de inmuebles, como en la administraci\u00f3n de fincas, tanto de alquileres como de comunidades de propietarios.","breadcrumb":{"@id":"https:\/\/finquescampanya.com\/es\/empresa\/#breadcrumb"},"inLanguage":"es","potentialAction":[{"@type":"ReadAction","target":["https:\/\/finquescampanya.com\/es\/empresa\/"]}]},{"@type":"ImageObject","inLanguage":"es","@id":"https:\/\/finquescampanya.com\/es\/empresa\/#primaryimage","url":"https:\/\/finquescampanya.com\/wp-content\/uploads\/2015\/10\/logo-final-pantone-WEB1-300x64.jpg","contentUrl":"https:\/\/finquescampanya.com\/wp-content\/uploads\/2015\/10\/logo-final-pantone-WEB1-300x64.jpg"},{"@type":"BreadcrumbList","@id":"https:\/\/finquescampanya.com\/es\/empresa\/#breadcrumb","itemListElement":[{"@type":"ListItem","position":1,"name":"Inici","item":"https:\/\/finquescampanya.com\/es\/"},{"@type":"ListItem","position":2,"name":"Empresa"}]},{"@type":"WebSite","@id":"https:\/\/finquescampanya.com\/es\/#website","url":"https:\/\/finquescampanya.com\/es\/","name":"finquescampanya.com ag\u00e8ncia immobiliaria a Barcelona, Sant Andreu","description":"Administradors de finques i agents immobiliaris des de 1915","publisher":{"@id":"https:\/\/finquescampanya.com\/es\/#organization"},"potentialAction":[{"@type":"SearchAction","target":{"@type":"EntryPoint","urlTemplate":"https:\/\/finquescampanya.com\/es\/?s={search_term_string}"},"query-input":{"@type":"PropertyValueSpecification","valueRequired":true,"valueName":"search_term_string"}}],"inLanguage":"es"},{"@type":"Organization","@id":"https:\/\/finquescampanya.com\/es\/#organization","name":"Finques campany\u00e0","url":"https:\/\/finquescampanya.com\/es\/","logo":{"@type":"ImageObject","inLanguage":"es","@id":"https:\/\/finquescampanya.com\/es\/#\/schema\/logo\/image\/","url":"https:\/\/finquescampanya.com\/wp-content\/uploads\/2015\/12\/logo-final-pantone-WEB.jpg","contentUrl":"https:\/\/finquescampanya.com\/wp-content\/uploads\/2015\/12\/logo-final-pantone-WEB.jpg","width":627,"height":134,"caption":"Finques campany\u00e0"},"image":{"@id":"https:\/\/finquescampanya.com\/es\/#\/schema\/logo\/image\/"},"sameAs":["https:\/\/www.facebook.com\/pages\/Finques-Campanya\/115265252208077"]}]}},"_links":{"self":[{"href":"https:\/\/finquescampanya.com\/es\/wp-json\/wp\/v2\/pages\/359","targetHints":{"allow":["GET"]}}],"collection":[{"href":"https:\/\/finquescampanya.com\/es\/wp-json\/wp\/v2\/pages"}],"about":[{"href":"https:\/\/finquescampanya.com\/es\/wp-json\/wp\/v2\/types\/page"}],"author":[{"embeddable":true,"href":"https:\/\/finquescampanya.com\/es\/wp-json\/wp\/v2\/users\/2"}],"replies":[{"embeddable":true,"href":"https:\/\/finquescampanya.com\/es\/wp-json\/wp\/v2\/comments?post=359"}],"version-history":[{"count":20,"href":"https:\/\/finquescampanya.com\/es\/wp-json\/wp\/v2\/pages\/359\/revisions"}],"predecessor-version":[{"id":40677,"href":"https:\/\/finquescampanya.com\/es\/wp-json\/wp\/v2\/pages\/359\/revisions\/40677"}],"wp:attachment":[{"href":"https:\/\/finquescampanya.com\/es\/wp-json\/wp\/v2\/media?parent=359"}],"curies":[{"name":"wp","href":"https:\/\/api.w.org\/{rel}","templated":true}]}}