{"id":38161,"date":"2021-09-09T16:07:12","date_gmt":"2021-09-09T14:07:12","guid":{"rendered":"https:\/\/finquescampanya.com\/?page_id=38161"},"modified":"2021-09-10T08:31:32","modified_gmt":"2021-09-10T06:31:32","slug":"home-staging","status":"publish","type":"page","link":"https:\/\/finquescampanya.com\/es\/home-staging\/","title":{"rendered":"Home Staging"},"content":{"rendered":"<h1 style=\"text-align: center;\"><span class=\"s1\"><b>Home Staging<\/b><\/span><\/h1>\n<h4 class=\"p1\" style=\"text-align: center;\"><strong><span class=\"s1\"><i>\u00abNunca hay una segunda oportunidad para causar una primera buena impresi\u00f3n\u00bb<br \/>\n<\/i><\/span><\/strong><strong><span class=\"s1\"><i>Oscar Wilde<\/i><\/span><\/strong><\/h4>\n<p class=\"p1\" style=\"text-align: center;\"><span class=\"s1\">El servicio <strong>Home Stagin<\/strong>g nos permite mostrar la mejor versi\u00f3n de tu inmueble e impulsar su venta.<\/span><\/p>\n<p class=\"p1\" style=\"text-align: center;\"><span class=\"s1\">Home Staging funciona porque se basa en dos pilares: Imagen y Emociones &#8230;<\/span><\/p>\n<p class=\"p1\" style=\"text-align: center;\"><span class=\"s1\">Hoy d\u00eda contar con una <strong>imagen atractiva<\/strong> plasmada en unas fotograf\u00edas profesionales es esencial si queremos captar la atenci\u00f3n de los usuarios en los portales.<\/span><\/p>\n<p class=\"p1\" style=\"text-align: center;\"><span class=\"s1\">Las <strong>emociones<\/strong> son el factor decisivo en cualquier proceso de compra. Consiguiendo que el cliente se sienta a gusto desde que entra en la vivienda,<br \/>\naumentaremos las posibilidades de venta al mejor precio.<\/span><\/p>\n<p>&nbsp;<\/p>\n<p style=\"text-align: center;\"><img decoding=\"async\" class=\"size-large wp-image-38163 aligncenter\" src=\"https:\/\/finquescampanya.com\/wp-content\/uploads\/2021\/09\/HomeStagingcampanya1cast-1024x665.jpg\" alt=\"\" width=\"710\" height=\"461\" srcset=\"https:\/\/finquescampanya.com\/wp-content\/uploads\/2021\/09\/HomeStagingcampanya1cast-1024x665.jpg 1024w, https:\/\/finquescampanya.com\/wp-content\/uploads\/2021\/09\/HomeStagingcampanya1cast-300x195.jpg 300w, https:\/\/finquescampanya.com\/wp-content\/uploads\/2021\/09\/HomeStagingcampanya1cast-768x499.jpg 768w, https:\/\/finquescampanya.com\/wp-content\/uploads\/2021\/09\/HomeStagingcampanya1cast-1536x997.jpg 1536w, https:\/\/finquescampanya.com\/wp-content\/uploads\/2021\/09\/HomeStagingcampanya1cast-2048x1330.jpg 2048w\" sizes=\"(max-width: 710px) 100vw, 710px\" \/> <img decoding=\"async\" class=\"size-large wp-image-38165 aligncenter\" src=\"https:\/\/finquescampanya.com\/wp-content\/uploads\/2021\/09\/HomeStagingcampanya2CAST-1024x665.jpg\" alt=\"\" width=\"710\" height=\"461\" srcset=\"https:\/\/finquescampanya.com\/wp-content\/uploads\/2021\/09\/HomeStagingcampanya2CAST-1024x665.jpg 1024w, https:\/\/finquescampanya.com\/wp-content\/uploads\/2021\/09\/HomeStagingcampanya2CAST-300x195.jpg 300w, https:\/\/finquescampanya.com\/wp-content\/uploads\/2021\/09\/HomeStagingcampanya2CAST-768x499.jpg 768w, https:\/\/finquescampanya.com\/wp-content\/uploads\/2021\/09\/HomeStagingcampanya2CAST-1536x997.jpg 1536w, https:\/\/finquescampanya.com\/wp-content\/uploads\/2021\/09\/HomeStagingcampanya2CAST-2048x1330.jpg 2048w\" sizes=\"(max-width: 710px) 100vw, 710px\" \/><b style=\"font-family: inherit; font-size: 12px; text-align: center;\"><i>C<\/i><\/b><b style=\"font-family: inherit; font-size: 12px; text-align: center;\"><i>opyright Impuls Home <\/i><\/b><b style=\"font-family: inherit; font-size: 12px; text-align: center;\"><i>Staging<\/i><\/b><b style=\"font-family: inherit; font-size: 12px; text-align: center;\"><i>. All <\/i><\/b><b style=\"font-family: inherit; font-size: 12px; text-align: center;\"><i>rights<\/i><\/b> <b style=\"font-family: inherit; font-size: 12px; text-align: center;\"><i>reserved<\/i><\/b><\/p>\n<h3 style=\"text-align: center;\"><\/h3>\n<h3 style=\"text-align: center;\"><\/h3>\n<p>&nbsp;<\/p>\n<h3 class=\"p1\" style=\"text-align: center;\"><span class=\"s1\">Estamos aqu\u00ed para convertir la venta de tu casa en una experiencia sencilla y lo m\u00e1s rentable posible.<br \/>\n<\/span><span class=\"s1\">\u00a1No te lo pienses! Cont\u00e1ctanos sin compromiso.<\/span><\/h3>\n<p>&nbsp;<\/p>\n<p>&nbsp;<\/p>\n<p>&nbsp;<\/p>\n<h3><\/h3>\n<p style=\"text-align: center;\"><em><strong><a href=\"https:\/\/finquescampanya.com\/es\/aviso-legal\/\" target=\"_blank\" rel=\"noopener\"><img decoding=\"async\" class=\"wp-image-38148 aligncenter\" src=\"https:\/\/finquescampanya.com\/wp-content\/uploads\/2021\/09\/imagencampanya.jpg\" alt=\"\" width=\"256\" height=\"69\" \/><\/a><\/strong><\/em><em>C\/ Coroleu, <\/em><span class=\"s1\">3 Bxs.3a<br \/>\n<\/span><em>Tel:<span class=\"telefono\">93 360 09 10<br \/>\n<\/span><\/em><a href=\"mailto:info@finquescampanya.com\"><em>info@finquescampanya.com<\/em><\/a><\/p>\n<p>&nbsp;<\/p>\n<p>&nbsp;<\/p>\n<p>&nbsp;<\/p>\n<p>&nbsp;<\/p>\n<p>&nbsp;<\/p>\n","protected":false},"excerpt":{"rendered":"<p>Home Staging \u00abNunca hay una segunda oportunidad para causar una primera buena impresi\u00f3n\u00bb Oscar Wilde El servicio Home Staging nos permite mostrar la mejor versi\u00f3n de tu inmueble e impulsar su venta. Home Staging funciona porque se basa en dos pilares: Imagen y Emociones &#8230; Hoy d\u00eda contar con una imagen atractiva plasmada en unas [&hellip;]<\/p>\n","protected":false},"author":2,"featured_media":0,"parent":0,"menu_order":0,"comment_status":"closed","ping_status":"closed","template":"","meta":{"footnotes":""},"class_list":["post-38161","page","type-page","status-publish","hentry","clearfix"],"yoast_head":"<!-- This site is optimized with the Yoast SEO plugin v26.3 - https:\/\/yoast.com\/wordpress\/plugins\/seo\/ -->\n<title>Home Staging - finquescampanya.com ag\u00e8ncia immobiliaria a Barcelona, Sant Andreu<\/title>\n<meta name=\"description\" content=\"Empresa familiar situada en el barrio de Sant Andreu de Barcelona que desde hace m\u00e1s de 100 a\u00f1os ofrecemos un amplio abanico de servicios inmobiliarios. Estamos especializados en la administraci\u00f3n de fincas, tanto de alquileres como de comunidades de propietarios, as\u00ed como en la compraventa de inmuebles.\" \/>\n<meta name=\"robots\" content=\"index, follow, max-snippet:-1, max-image-preview:large, max-video-preview:-1\" \/>\n<link rel=\"canonical\" href=\"https:\/\/finquescampanya.com\/es\/home-staging\/\" \/>\n<meta property=\"og:locale\" content=\"es_ES\" \/>\n<meta property=\"og:type\" content=\"article\" \/>\n<meta property=\"og:title\" content=\"Home Staging - finquescampanya.com ag\u00e8ncia immobiliaria a Barcelona, Sant Andreu\" \/>\n<meta property=\"og:description\" content=\"Empresa familiar situada en el barrio de Sant Andreu de Barcelona que desde hace m\u00e1s de 100 a\u00f1os ofrecemos un amplio abanico de servicios inmobiliarios. Estamos especializados en la administraci\u00f3n de fincas, tanto de alquileres como de comunidades de propietarios, as\u00ed como en la compraventa de inmuebles.\" \/>\n<meta property=\"og:url\" content=\"https:\/\/finquescampanya.com\/es\/home-staging\/\" \/>\n<meta property=\"og:site_name\" content=\"finquescampanya.com ag\u00e8ncia immobiliaria a Barcelona, Sant Andreu\" \/>\n<meta property=\"article:publisher\" content=\"https:\/\/www.facebook.com\/pages\/Finques-Campanya\/115265252208077\" \/>\n<meta property=\"article:modified_time\" content=\"2021-09-10T06:31:32+00:00\" \/>\n<meta property=\"og:image\" content=\"https:\/\/finquescampanya.com\/wp-content\/uploads\/2021\/09\/HomeStagingcampanya1cast-1024x665.jpg\" \/>\n<meta name=\"twitter:card\" content=\"summary_large_image\" \/>\n<meta name=\"twitter:label1\" content=\"Tiempo de lectura\" \/>\n\t<meta name=\"twitter:data1\" content=\"2 minutos\" \/>\n<script type=\"application\/ld+json\" class=\"yoast-schema-graph\">{\"@context\":\"https:\/\/schema.org\",\"@graph\":[{\"@type\":\"WebPage\",\"@id\":\"https:\/\/finquescampanya.com\/es\/home-staging\/\",\"url\":\"https:\/\/finquescampanya.com\/es\/home-staging\/\",\"name\":\"Home Staging - finquescampanya.com ag\u00e8ncia immobiliaria a Barcelona, Sant Andreu\",\"isPartOf\":{\"@id\":\"https:\/\/finquescampanya.com\/es\/#website\"},\"primaryImageOfPage\":{\"@id\":\"https:\/\/finquescampanya.com\/es\/home-staging\/#primaryimage\"},\"image\":{\"@id\":\"https:\/\/finquescampanya.com\/es\/home-staging\/#primaryimage\"},\"thumbnailUrl\":\"https:\/\/finquescampanya.com\/wp-content\/uploads\/2021\/09\/HomeStagingcampanya1cast-1024x665.jpg\",\"datePublished\":\"2021-09-09T14:07:12+00:00\",\"dateModified\":\"2021-09-10T06:31:32+00:00\",\"description\":\"Empresa familiar situada en el barrio de Sant Andreu de Barcelona que desde hace m\u00e1s de 100 a\u00f1os ofrecemos un amplio abanico de servicios inmobiliarios. Estamos especializados en la administraci\u00f3n de fincas, tanto de alquileres como de comunidades de propietarios, as\u00ed como en la compraventa de inmuebles.\",\"breadcrumb\":{\"@id\":\"https:\/\/finquescampanya.com\/es\/home-staging\/#breadcrumb\"},\"inLanguage\":\"es\",\"potentialAction\":[{\"@type\":\"ReadAction\",\"target\":[\"https:\/\/finquescampanya.com\/es\/home-staging\/\"]}]},{\"@type\":\"ImageObject\",\"inLanguage\":\"es\",\"@id\":\"https:\/\/finquescampanya.com\/es\/home-staging\/#primaryimage\",\"url\":\"https:\/\/finquescampanya.com\/wp-content\/uploads\/2021\/09\/HomeStagingcampanya1cast-1024x665.jpg\",\"contentUrl\":\"https:\/\/finquescampanya.com\/wp-content\/uploads\/2021\/09\/HomeStagingcampanya1cast-1024x665.jpg\"},{\"@type\":\"BreadcrumbList\",\"@id\":\"https:\/\/finquescampanya.com\/es\/home-staging\/#breadcrumb\",\"itemListElement\":[{\"@type\":\"ListItem\",\"position\":1,\"name\":\"Inici\",\"item\":\"https:\/\/finquescampanya.com\/es\/\"},{\"@type\":\"ListItem\",\"position\":2,\"name\":\"Home Staging\"}]},{\"@type\":\"WebSite\",\"@id\":\"https:\/\/finquescampanya.com\/es\/#website\",\"url\":\"https:\/\/finquescampanya.com\/es\/\",\"name\":\"finquescampanya.com ag\u00e8ncia immobiliaria a Barcelona, Sant Andreu\",\"description\":\"Administradors de finques i agents immobiliaris des de 1915\",\"publisher\":{\"@id\":\"https:\/\/finquescampanya.com\/es\/#organization\"},\"potentialAction\":[{\"@type\":\"SearchAction\",\"target\":{\"@type\":\"EntryPoint\",\"urlTemplate\":\"https:\/\/finquescampanya.com\/es\/?s={search_term_string}\"},\"query-input\":{\"@type\":\"PropertyValueSpecification\",\"valueRequired\":true,\"valueName\":\"search_term_string\"}}],\"inLanguage\":\"es\"},{\"@type\":\"Organization\",\"@id\":\"https:\/\/finquescampanya.com\/es\/#organization\",\"name\":\"Finques campany\u00e0\",\"url\":\"https:\/\/finquescampanya.com\/es\/\",\"logo\":{\"@type\":\"ImageObject\",\"inLanguage\":\"es\",\"@id\":\"https:\/\/finquescampanya.com\/es\/#\/schema\/logo\/image\/\",\"url\":\"https:\/\/finquescampanya.com\/wp-content\/uploads\/2015\/12\/logo-final-pantone-WEB.jpg\",\"contentUrl\":\"https:\/\/finquescampanya.com\/wp-content\/uploads\/2015\/12\/logo-final-pantone-WEB.jpg\",\"width\":627,\"height\":134,\"caption\":\"Finques campany\u00e0\"},\"image\":{\"@id\":\"https:\/\/finquescampanya.com\/es\/#\/schema\/logo\/image\/\"},\"sameAs\":[\"https:\/\/www.facebook.com\/pages\/Finques-Campanya\/115265252208077\"]}]}<\/script>\n<!-- \/ Yoast SEO plugin. -->","yoast_head_json":{"title":"Home Staging - finquescampanya.com ag\u00e8ncia immobiliaria a Barcelona, Sant Andreu","description":"Empresa familiar situada en el barrio de Sant Andreu de Barcelona que desde hace m\u00e1s de 100 a\u00f1os ofrecemos un amplio abanico de servicios inmobiliarios. Estamos especializados en la administraci\u00f3n de fincas, tanto de alquileres como de comunidades de propietarios, as\u00ed como en la compraventa de inmuebles.","robots":{"index":"index","follow":"follow","max-snippet":"max-snippet:-1","max-image-preview":"max-image-preview:large","max-video-preview":"max-video-preview:-1"},"canonical":"https:\/\/finquescampanya.com\/es\/home-staging\/","og_locale":"es_ES","og_type":"article","og_title":"Home Staging - finquescampanya.com ag\u00e8ncia immobiliaria a Barcelona, Sant Andreu","og_description":"Empresa familiar situada en el barrio de Sant Andreu de Barcelona que desde hace m\u00e1s de 100 a\u00f1os ofrecemos un amplio abanico de servicios inmobiliarios. Estamos especializados en la administraci\u00f3n de fincas, tanto de alquileres como de comunidades de propietarios, as\u00ed como en la compraventa de inmuebles.","og_url":"https:\/\/finquescampanya.com\/es\/home-staging\/","og_site_name":"finquescampanya.com ag\u00e8ncia immobiliaria a Barcelona, Sant Andreu","article_publisher":"https:\/\/www.facebook.com\/pages\/Finques-Campanya\/115265252208077","article_modified_time":"2021-09-10T06:31:32+00:00","og_image":[{"url":"https:\/\/finquescampanya.com\/wp-content\/uploads\/2021\/09\/HomeStagingcampanya1cast-1024x665.jpg","type":"","width":"","height":""}],"twitter_card":"summary_large_image","twitter_misc":{"Tiempo de lectura":"2 minutos"},"schema":{"@context":"https:\/\/schema.org","@graph":[{"@type":"WebPage","@id":"https:\/\/finquescampanya.com\/es\/home-staging\/","url":"https:\/\/finquescampanya.com\/es\/home-staging\/","name":"Home Staging - finquescampanya.com ag\u00e8ncia immobiliaria a Barcelona, Sant Andreu","isPartOf":{"@id":"https:\/\/finquescampanya.com\/es\/#website"},"primaryImageOfPage":{"@id":"https:\/\/finquescampanya.com\/es\/home-staging\/#primaryimage"},"image":{"@id":"https:\/\/finquescampanya.com\/es\/home-staging\/#primaryimage"},"thumbnailUrl":"https:\/\/finquescampanya.com\/wp-content\/uploads\/2021\/09\/HomeStagingcampanya1cast-1024x665.jpg","datePublished":"2021-09-09T14:07:12+00:00","dateModified":"2021-09-10T06:31:32+00:00","description":"Empresa familiar situada en el barrio de Sant Andreu de Barcelona que desde hace m\u00e1s de 100 a\u00f1os ofrecemos un amplio abanico de servicios inmobiliarios. Estamos especializados en la administraci\u00f3n de fincas, tanto de alquileres como de comunidades de propietarios, as\u00ed como en la compraventa de inmuebles.","breadcrumb":{"@id":"https:\/\/finquescampanya.com\/es\/home-staging\/#breadcrumb"},"inLanguage":"es","potentialAction":[{"@type":"ReadAction","target":["https:\/\/finquescampanya.com\/es\/home-staging\/"]}]},{"@type":"ImageObject","inLanguage":"es","@id":"https:\/\/finquescampanya.com\/es\/home-staging\/#primaryimage","url":"https:\/\/finquescampanya.com\/wp-content\/uploads\/2021\/09\/HomeStagingcampanya1cast-1024x665.jpg","contentUrl":"https:\/\/finquescampanya.com\/wp-content\/uploads\/2021\/09\/HomeStagingcampanya1cast-1024x665.jpg"},{"@type":"BreadcrumbList","@id":"https:\/\/finquescampanya.com\/es\/home-staging\/#breadcrumb","itemListElement":[{"@type":"ListItem","position":1,"name":"Inici","item":"https:\/\/finquescampanya.com\/es\/"},{"@type":"ListItem","position":2,"name":"Home Staging"}]},{"@type":"WebSite","@id":"https:\/\/finquescampanya.com\/es\/#website","url":"https:\/\/finquescampanya.com\/es\/","name":"finquescampanya.com ag\u00e8ncia immobiliaria a Barcelona, Sant Andreu","description":"Administradors de finques i agents immobiliaris des de 1915","publisher":{"@id":"https:\/\/finquescampanya.com\/es\/#organization"},"potentialAction":[{"@type":"SearchAction","target":{"@type":"EntryPoint","urlTemplate":"https:\/\/finquescampanya.com\/es\/?s={search_term_string}"},"query-input":{"@type":"PropertyValueSpecification","valueRequired":true,"valueName":"search_term_string"}}],"inLanguage":"es"},{"@type":"Organization","@id":"https:\/\/finquescampanya.com\/es\/#organization","name":"Finques campany\u00e0","url":"https:\/\/finquescampanya.com\/es\/","logo":{"@type":"ImageObject","inLanguage":"es","@id":"https:\/\/finquescampanya.com\/es\/#\/schema\/logo\/image\/","url":"https:\/\/finquescampanya.com\/wp-content\/uploads\/2015\/12\/logo-final-pantone-WEB.jpg","contentUrl":"https:\/\/finquescampanya.com\/wp-content\/uploads\/2015\/12\/logo-final-pantone-WEB.jpg","width":627,"height":134,"caption":"Finques campany\u00e0"},"image":{"@id":"https:\/\/finquescampanya.com\/es\/#\/schema\/logo\/image\/"},"sameAs":["https:\/\/www.facebook.com\/pages\/Finques-Campanya\/115265252208077"]}]}},"_links":{"self":[{"href":"https:\/\/finquescampanya.com\/es\/wp-json\/wp\/v2\/pages\/38161","targetHints":{"allow":["GET"]}}],"collection":[{"href":"https:\/\/finquescampanya.com\/es\/wp-json\/wp\/v2\/pages"}],"about":[{"href":"https:\/\/finquescampanya.com\/es\/wp-json\/wp\/v2\/types\/page"}],"author":[{"embeddable":true,"href":"https:\/\/finquescampanya.com\/es\/wp-json\/wp\/v2\/users\/2"}],"replies":[{"embeddable":true,"href":"https:\/\/finquescampanya.com\/es\/wp-json\/wp\/v2\/comments?post=38161"}],"version-history":[{"count":7,"href":"https:\/\/finquescampanya.com\/es\/wp-json\/wp\/v2\/pages\/38161\/revisions"}],"predecessor-version":[{"id":38176,"href":"https:\/\/finquescampanya.com\/es\/wp-json\/wp\/v2\/pages\/38161\/revisions\/38176"}],"wp:attachment":[{"href":"https:\/\/finquescampanya.com\/es\/wp-json\/wp\/v2\/media?parent=38161"}],"curies":[{"name":"wp","href":"https:\/\/api.w.org\/{rel}","templated":true}]}}