{"id":409,"date":"2015-10-05T10:07:11","date_gmt":"2015-10-05T10:07:11","guid":{"rendered":"https:\/\/finquescampanya.com\/es\/?page_id=409"},"modified":"2026-02-26T09:49:05","modified_gmt":"2026-02-26T08:49:05","slug":"aviso-legal","status":"publish","type":"page","link":"https:\/\/finquescampanya.com\/es\/aviso-legal\/","title":{"rendered":"Aviso legal"},"content":{"rendered":"<p>En cumplimiento con el deber de informaci\u00f3n recogido en art\u00edculo 10 de la Ley 34\/2002, de 11 de julio, de Servicios de la Sociedad de la Informaci\u00f3n y del Comercio Electr\u00f3nico (LSSICE), el propietario de la web <a href=\"https:\/\/finquescampanya.com\/\">https:\/\/finquescampanya.com\/<\/a>, le informa de lo siguiente:<\/p>\n<ul>\n<li>Denominaci\u00f3n social: Finques Campanya S.L<\/li>\n<li>NIF: B60332772<\/li>\n<li>Domicilio: C\/ Coroleu, 3, Bxos 3a, 08030 &#8211; Barcelona (Barcelona)<\/li>\n<\/ul>\n<p>Con los l\u00edmites establecidos en la ley, https:\/\/finquescampanya.com\/ no asume ninguna responsabilidad derivada de la falta de veracidad, integridad, actualizaci\u00f3n y precisi\u00f3n de los datos o informaciones que se contienen en sus p\u00e1ginas de Internet.<\/p>\n<p>Los contenidos e informaci\u00f3n no vinculan a https:\/\/finquescampanya.com\/ ni constituyen opiniones, consejos o asesoramiento legal de ning\u00fan tipo pues se trata meramente de un servicio ofrecido con car\u00e1cter informativo y divulgativo.<\/p>\n<p>Las p\u00e1ginas de Internet de https:\/\/finquescampanya.com\/ pueden contener enlaces (links) a otras p\u00e1ginas de terceras partes que https:\/\/finquescampanya.com\/ no puede controlar. Por lo tanto, https:\/\/finquescampanya.com\/ no puede asumir responsabilidades por el contenido que pueda aparecer en p\u00e1ginas de terceros.<\/p>\n<p>Los textos, im\u00e1genes, sonidos, animaciones, software y el resto de contenidos incluidos en este website son propiedad exclusiva de https:\/\/finquescampanya.com\/ o sus licenciantes. Cualquier acto de transmisi\u00f3n, distribuci\u00f3n, cesi\u00f3n, reproducci\u00f3n, almacenamiento o comunicaci\u00f3n p\u00fablica total o parcial, debe contar con el consentimiento expreso de\u00a0<a href=\"https:\/\/finquescampanya.com\/?page_id=45391\"> https:\/\/finquescampanya.com\/<\/a><\/p>\n<p>Asimismo, para acceder a algunos de los servicios que https:\/\/finquescampanya.com\/ ofrece a trav\u00e9s del website deber\u00e1 proporcionar algunos datos de car\u00e1cter personal. En cumplimiento de lo establecido en el Reglamento (UE) 2016\/679 del Parlamento Europeo y del Consejo, de 27 de abril de 2016, relativo a la protecci\u00f3n de las personas f\u00edsicas en lo que respecta al tratamiento de datos personales y a la libre circulaci\u00f3n de estos datos le informamos que, mediante la cumplimentaci\u00f3n de los presentes formularios, sus datos personales quedar\u00e1n incorporados y ser\u00e1n tratados en los ficheros de Finques Campanya S.L con el fin de poderle prestar y ofrecer nuestros servicios as\u00ed como para informarle de las mejoras del sitio Web. Asimismo, le informamos de la posibilidad de que ejerza los derechos de acceso, rectificaci\u00f3n, cancelaci\u00f3n y oposici\u00f3n de sus datos de car\u00e1cter personal, manera gratuita mediante email a info@finquescampanya.com o en la direcci\u00f3n C\/ Coroleu, 3, Bxos 3a, 08030 &#8211; Barcelona (Barcelona).<\/p>\n","protected":false},"excerpt":{"rendered":"<p>En cumplimiento con el deber de informaci\u00f3n recogido en art\u00edculo 10 de la Ley 34\/2002, de 11 de julio, de Servicios de la Sociedad de la Informaci\u00f3n y del Comercio Electr\u00f3nico (LSSICE), el propietario de la web https:\/\/finquescampanya.com\/, le informa de lo siguiente: Denominaci\u00f3n social: Finques Campanya S.L NIF: B60332772 Domicilio: C\/ Coroleu, 3, Bxos [&hellip;]<\/p>\n","protected":false},"author":2,"featured_media":0,"parent":0,"menu_order":0,"comment_status":"closed","ping_status":"closed","template":"","meta":{"footnotes":""},"class_list":["post-409","page","type-page","status-publish","hentry","clearfix"],"yoast_head":"<!-- This site is optimized with the Yoast SEO plugin v26.3 - https:\/\/yoast.com\/wordpress\/plugins\/seo\/ -->\n<title>Aviso Legal | Campany\u00e0<\/title>\n<meta name=\"description\" content=\"Situada en el barrio de Santo Andreu de Barcelona que desde hace m\u00e1s de 100 a\u00f1os ofrecemos un amplio abanico de servicios inmobiliarios. Estamos especializados en la administraci\u00f3n de fincas, tanto de alquileres como de comunidades de propietarios, as\u00ed como en la compraventa de inmuebles.\" \/>\n<meta name=\"robots\" content=\"index, follow, max-snippet:-1, max-image-preview:large, max-video-preview:-1\" \/>\n<link rel=\"canonical\" href=\"https:\/\/finquescampanya.com\/es\/aviso-legal\/\" \/>\n<meta property=\"og:locale\" content=\"es_ES\" \/>\n<meta property=\"og:type\" content=\"article\" \/>\n<meta property=\"og:title\" content=\"Aviso Legal | Campany\u00e0\" \/>\n<meta property=\"og:description\" content=\"Situada en el barrio de Santo Andreu de Barcelona que desde hace m\u00e1s de 100 a\u00f1os ofrecemos un amplio abanico de servicios inmobiliarios. Estamos especializados en la administraci\u00f3n de fincas, tanto de alquileres como de comunidades de propietarios, as\u00ed como en la compraventa de inmuebles.\" \/>\n<meta property=\"og:url\" content=\"https:\/\/finquescampanya.com\/es\/aviso-legal\/\" \/>\n<meta property=\"og:site_name\" content=\"finquescampanya.com ag\u00e8ncia immobiliaria a Barcelona, Sant Andreu\" \/>\n<meta property=\"article:publisher\" content=\"https:\/\/www.facebook.com\/pages\/Finques-Campanya\/115265252208077\" \/>\n<meta property=\"article:modified_time\" content=\"2026-02-26T08:49:05+00:00\" \/>\n<meta property=\"og:image\" content=\"https:\/\/finquescampanya.com\/wp-content\/uploads\/2015\/12\/logo-final-pantone-WEB3.jpg\" \/>\n\t<meta property=\"og:image:width\" content=\"391\" \/>\n\t<meta property=\"og:image:height\" content=\"84\" \/>\n\t<meta property=\"og:image:type\" content=\"image\/jpeg\" \/>\n<meta name=\"twitter:card\" content=\"summary_large_image\" \/>\n<meta name=\"twitter:label1\" content=\"Tiempo de lectura\" \/>\n\t<meta name=\"twitter:data1\" content=\"2 minutos\" \/>\n<script type=\"application\/ld+json\" class=\"yoast-schema-graph\">{\"@context\":\"https:\/\/schema.org\",\"@graph\":[{\"@type\":\"WebPage\",\"@id\":\"https:\/\/finquescampanya.com\/es\/aviso-legal\/\",\"url\":\"https:\/\/finquescampanya.com\/es\/aviso-legal\/\",\"name\":\"Aviso Legal | Campany\u00e0\",\"isPartOf\":{\"@id\":\"https:\/\/finquescampanya.com\/es\/#website\"},\"datePublished\":\"2015-10-05T10:07:11+00:00\",\"dateModified\":\"2026-02-26T08:49:05+00:00\",\"description\":\"Situada en el barrio de Santo Andreu de Barcelona que desde hace m\u00e1s de 100 a\u00f1os ofrecemos un amplio abanico de servicios inmobiliarios. Estamos especializados en la administraci\u00f3n de fincas, tanto de alquileres como de comunidades de propietarios, as\u00ed como en la compraventa de inmuebles.\",\"breadcrumb\":{\"@id\":\"https:\/\/finquescampanya.com\/es\/aviso-legal\/#breadcrumb\"},\"inLanguage\":\"es\",\"potentialAction\":[{\"@type\":\"ReadAction\",\"target\":[\"https:\/\/finquescampanya.com\/es\/aviso-legal\/\"]}]},{\"@type\":\"BreadcrumbList\",\"@id\":\"https:\/\/finquescampanya.com\/es\/aviso-legal\/#breadcrumb\",\"itemListElement\":[{\"@type\":\"ListItem\",\"position\":1,\"name\":\"Inici\",\"item\":\"https:\/\/finquescampanya.com\/es\/\"},{\"@type\":\"ListItem\",\"position\":2,\"name\":\"Aviso legal\"}]},{\"@type\":\"WebSite\",\"@id\":\"https:\/\/finquescampanya.com\/es\/#website\",\"url\":\"https:\/\/finquescampanya.com\/es\/\",\"name\":\"finquescampanya.com ag\u00e8ncia immobiliaria a Barcelona, Sant Andreu\",\"description\":\"Administradors de finques i agents immobiliaris des de 1915\",\"publisher\":{\"@id\":\"https:\/\/finquescampanya.com\/es\/#organization\"},\"potentialAction\":[{\"@type\":\"SearchAction\",\"target\":{\"@type\":\"EntryPoint\",\"urlTemplate\":\"https:\/\/finquescampanya.com\/es\/?s={search_term_string}\"},\"query-input\":{\"@type\":\"PropertyValueSpecification\",\"valueRequired\":true,\"valueName\":\"search_term_string\"}}],\"inLanguage\":\"es\"},{\"@type\":\"Organization\",\"@id\":\"https:\/\/finquescampanya.com\/es\/#organization\",\"name\":\"Finques campany\u00e0\",\"url\":\"https:\/\/finquescampanya.com\/es\/\",\"logo\":{\"@type\":\"ImageObject\",\"inLanguage\":\"es\",\"@id\":\"https:\/\/finquescampanya.com\/es\/#\/schema\/logo\/image\/\",\"url\":\"https:\/\/finquescampanya.com\/wp-content\/uploads\/2015\/12\/logo-final-pantone-WEB.jpg\",\"contentUrl\":\"https:\/\/finquescampanya.com\/wp-content\/uploads\/2015\/12\/logo-final-pantone-WEB.jpg\",\"width\":627,\"height\":134,\"caption\":\"Finques campany\u00e0\"},\"image\":{\"@id\":\"https:\/\/finquescampanya.com\/es\/#\/schema\/logo\/image\/\"},\"sameAs\":[\"https:\/\/www.facebook.com\/pages\/Finques-Campanya\/115265252208077\"]}]}<\/script>\n<!-- \/ Yoast SEO plugin. -->","yoast_head_json":{"title":"Aviso Legal | Campany\u00e0","description":"Situada en el barrio de Santo Andreu de Barcelona que desde hace m\u00e1s de 100 a\u00f1os ofrecemos un amplio abanico de servicios inmobiliarios. Estamos especializados en la administraci\u00f3n de fincas, tanto de alquileres como de comunidades de propietarios, as\u00ed como en la compraventa de inmuebles.","robots":{"index":"index","follow":"follow","max-snippet":"max-snippet:-1","max-image-preview":"max-image-preview:large","max-video-preview":"max-video-preview:-1"},"canonical":"https:\/\/finquescampanya.com\/es\/aviso-legal\/","og_locale":"es_ES","og_type":"article","og_title":"Aviso Legal | Campany\u00e0","og_description":"Situada en el barrio de Santo Andreu de Barcelona que desde hace m\u00e1s de 100 a\u00f1os ofrecemos un amplio abanico de servicios inmobiliarios. Estamos especializados en la administraci\u00f3n de fincas, tanto de alquileres como de comunidades de propietarios, as\u00ed como en la compraventa de inmuebles.","og_url":"https:\/\/finquescampanya.com\/es\/aviso-legal\/","og_site_name":"finquescampanya.com ag\u00e8ncia immobiliaria a Barcelona, Sant Andreu","article_publisher":"https:\/\/www.facebook.com\/pages\/Finques-Campanya\/115265252208077","article_modified_time":"2026-02-26T08:49:05+00:00","og_image":[{"width":391,"height":84,"url":"https:\/\/finquescampanya.com\/wp-content\/uploads\/2015\/12\/logo-final-pantone-WEB3.jpg","type":"image\/jpeg"}],"twitter_card":"summary_large_image","twitter_misc":{"Tiempo de lectura":"2 minutos"},"schema":{"@context":"https:\/\/schema.org","@graph":[{"@type":"WebPage","@id":"https:\/\/finquescampanya.com\/es\/aviso-legal\/","url":"https:\/\/finquescampanya.com\/es\/aviso-legal\/","name":"Aviso Legal | Campany\u00e0","isPartOf":{"@id":"https:\/\/finquescampanya.com\/es\/#website"},"datePublished":"2015-10-05T10:07:11+00:00","dateModified":"2026-02-26T08:49:05+00:00","description":"Situada en el barrio de Santo Andreu de Barcelona que desde hace m\u00e1s de 100 a\u00f1os ofrecemos un amplio abanico de servicios inmobiliarios. Estamos especializados en la administraci\u00f3n de fincas, tanto de alquileres como de comunidades de propietarios, as\u00ed como en la compraventa de inmuebles.","breadcrumb":{"@id":"https:\/\/finquescampanya.com\/es\/aviso-legal\/#breadcrumb"},"inLanguage":"es","potentialAction":[{"@type":"ReadAction","target":["https:\/\/finquescampanya.com\/es\/aviso-legal\/"]}]},{"@type":"BreadcrumbList","@id":"https:\/\/finquescampanya.com\/es\/aviso-legal\/#breadcrumb","itemListElement":[{"@type":"ListItem","position":1,"name":"Inici","item":"https:\/\/finquescampanya.com\/es\/"},{"@type":"ListItem","position":2,"name":"Aviso legal"}]},{"@type":"WebSite","@id":"https:\/\/finquescampanya.com\/es\/#website","url":"https:\/\/finquescampanya.com\/es\/","name":"finquescampanya.com ag\u00e8ncia immobiliaria a Barcelona, Sant Andreu","description":"Administradors de finques i agents immobiliaris des de 1915","publisher":{"@id":"https:\/\/finquescampanya.com\/es\/#organization"},"potentialAction":[{"@type":"SearchAction","target":{"@type":"EntryPoint","urlTemplate":"https:\/\/finquescampanya.com\/es\/?s={search_term_string}"},"query-input":{"@type":"PropertyValueSpecification","valueRequired":true,"valueName":"search_term_string"}}],"inLanguage":"es"},{"@type":"Organization","@id":"https:\/\/finquescampanya.com\/es\/#organization","name":"Finques campany\u00e0","url":"https:\/\/finquescampanya.com\/es\/","logo":{"@type":"ImageObject","inLanguage":"es","@id":"https:\/\/finquescampanya.com\/es\/#\/schema\/logo\/image\/","url":"https:\/\/finquescampanya.com\/wp-content\/uploads\/2015\/12\/logo-final-pantone-WEB.jpg","contentUrl":"https:\/\/finquescampanya.com\/wp-content\/uploads\/2015\/12\/logo-final-pantone-WEB.jpg","width":627,"height":134,"caption":"Finques campany\u00e0"},"image":{"@id":"https:\/\/finquescampanya.com\/es\/#\/schema\/logo\/image\/"},"sameAs":["https:\/\/www.facebook.com\/pages\/Finques-Campanya\/115265252208077"]}]}},"_links":{"self":[{"href":"https:\/\/finquescampanya.com\/es\/wp-json\/wp\/v2\/pages\/409","targetHints":{"allow":["GET"]}}],"collection":[{"href":"https:\/\/finquescampanya.com\/es\/wp-json\/wp\/v2\/pages"}],"about":[{"href":"https:\/\/finquescampanya.com\/es\/wp-json\/wp\/v2\/types\/page"}],"author":[{"embeddable":true,"href":"https:\/\/finquescampanya.com\/es\/wp-json\/wp\/v2\/users\/2"}],"replies":[{"embeddable":true,"href":"https:\/\/finquescampanya.com\/es\/wp-json\/wp\/v2\/comments?post=409"}],"version-history":[{"count":16,"href":"https:\/\/finquescampanya.com\/es\/wp-json\/wp\/v2\/pages\/409\/revisions"}],"predecessor-version":[{"id":58214,"href":"https:\/\/finquescampanya.com\/es\/wp-json\/wp\/v2\/pages\/409\/revisions\/58214"}],"wp:attachment":[{"href":"https:\/\/finquescampanya.com\/es\/wp-json\/wp\/v2\/media?parent=409"}],"curies":[{"name":"wp","href":"https:\/\/api.w.org\/{rel}","templated":true}]}}