{"id":57789,"date":"2026-01-26T00:19:33","date_gmt":"2026-01-25T23:19:33","guid":{"rendered":"https:\/\/finquescampanya.com\/?page_id=57789"},"modified":"2026-02-26T09:45:10","modified_gmt":"2026-02-26T08:45:10","slug":"admin-fincas","status":"publish","type":"page","link":"https:\/\/finquescampanya.com\/es\/admin-fincas\/","title":{"rendered":"Fincas"},"content":{"rendered":"<h3>\u00bfPor qu\u00e9 elegirnos para tu comunidad?<\/h3>\n<h4><em>Combinamos m\u00e1s de 100 a\u00f1os de experiencia con una gesti\u00f3n moderna, cercana y transparente, para ofrecerte tranquilidad y una comunidad siempre bien cuidada.<\/em><\/h4>\n<p>&nbsp;<\/p>\n<h4 class=\"text-xl font-semibold text-[#4A4542] mb-2\"><strong>Un siglo de trayectoria<\/strong><\/h4>\n<p class=\"text-xl font-semibold text-[#4A4542] mb-2\">M\u00e1s de 100 a\u00f1os gestionando fincas en Barcelona, acumulando experiencia y criterio que se traducen en gestiones \u00e1giles y decisiones acertadas.<\/p>\n<p>&nbsp;<\/p>\n<h4 class=\"text-xl font-semibold text-[#4A4542] mb-2\"><strong>Cercan\u00eda para una mejor gesti\u00f3n<br \/>\n<\/strong><\/h4>\n<p>Estamos presentes en el barrio y conocemos de cerca la realidad de cada finca, lo que nos permite ofrecer una atenci\u00f3n r\u00e1pida y personalizada.<\/p>\n<p>&nbsp;<\/p>\n<h4 class=\"text-xl font-semibold text-[#4A4542] mb-2\"><strong>Tranquilidad y trato humano<\/strong><\/h4>\n<p>Nos encargamos de la gesti\u00f3n completa de la comunidad para que t\u00fa no tengas que preocuparte, y asumimos cada comunidad como si fuera la nuestra.<\/p>\n<p>&nbsp;<\/p>\n<h4 class=\"text-xl font-semibold text-[#4A4542] mb-2\"><strong>Gesti\u00f3n digital y transparente<\/strong><\/h4>\n<p>Ponemos la tecnolog\u00eda a tu servicio: portal en l\u00ednea, documentaci\u00f3n disponible y comunicaci\u00f3n inmediata. Todo accesible y siempre actualizado.<\/p>\n<p>&nbsp;<\/p>\n<h4><em>Para ampliar informaci\u00f3n sobre nuestros servicios de administraci\u00f3n de fincas, puedes escribirnos a info@finquescampanya.com.<\/em><\/h4>\n","protected":false},"excerpt":{"rendered":"<p>\u00bfPor qu\u00e9 elegirnos para tu comunidad? Combinamos m\u00e1s de 100 a\u00f1os de experiencia con una gesti\u00f3n moderna, cercana y transparente, para ofrecerte tranquilidad y una comunidad siempre bien cuidada. &nbsp; Un siglo de trayectoria M\u00e1s de 100 a\u00f1os gestionando fincas en Barcelona, acumulando experiencia y criterio que se traducen en gestiones \u00e1giles y decisiones acertadas. [&hellip;]<\/p>\n","protected":false},"author":2,"featured_media":0,"parent":0,"menu_order":0,"comment_status":"closed","ping_status":"closed","template":"","meta":{"footnotes":""},"class_list":["post-57789","page","type-page","status-publish","hentry","clearfix"],"yoast_head":"<!-- This site is optimized with the Yoast SEO plugin v26.3 - https:\/\/yoast.com\/wordpress\/plugins\/seo\/ -->\n<title>Gesti\u00f3n integral de fincas en Barcelona | Campany\u00e0<\/title>\n<meta name=\"description\" content=\"Fincas Campany\u00e0 empresa familiar situada en el barrio de\u00a0Sant Andreu\u00a0que desde hace m\u00e1s de 100 a\u00f1os ofrecemos un amplio abanico de servicios inmobiliarios. Estamos especializados en alquiler y compraventa de inmuebles, como en la administraci\u00f3n de fincas, tanto de alquileres como de comunidades de propietarios.\" \/>\n<meta name=\"robots\" content=\"index, follow, max-snippet:-1, max-image-preview:large, max-video-preview:-1\" \/>\n<link rel=\"canonical\" href=\"https:\/\/finquescampanya.com\/es\/admin-fincas\/\" \/>\n<meta property=\"og:locale\" content=\"es_ES\" \/>\n<meta property=\"og:type\" content=\"article\" \/>\n<meta property=\"og:title\" content=\"Gesti\u00f3n integral de fincas en Barcelona | Campany\u00e0\" \/>\n<meta property=\"og:description\" content=\"Fincas Campany\u00e0 empresa familiar situada en el barrio de\u00a0Sant Andreu\u00a0que desde hace m\u00e1s de 100 a\u00f1os ofrecemos un amplio abanico de servicios inmobiliarios. Estamos especializados en alquiler y compraventa de inmuebles, como en la administraci\u00f3n de fincas, tanto de alquileres como de comunidades de propietarios.\" \/>\n<meta property=\"og:url\" content=\"https:\/\/finquescampanya.com\/es\/admin-fincas\/\" \/>\n<meta property=\"og:site_name\" content=\"finquescampanya.com ag\u00e8ncia immobiliaria a Barcelona, Sant Andreu\" \/>\n<meta property=\"article:publisher\" content=\"https:\/\/www.facebook.com\/pages\/Finques-Campanya\/115265252208077\" \/>\n<meta property=\"article:modified_time\" content=\"2026-02-26T08:45:10+00:00\" \/>\n<meta property=\"og:image\" content=\"https:\/\/finquescampanya.com\/wp-content\/uploads\/2015\/12\/logo-final-pantone-WEB3.jpg\" \/>\n\t<meta property=\"og:image:width\" content=\"391\" \/>\n\t<meta property=\"og:image:height\" content=\"84\" \/>\n\t<meta property=\"og:image:type\" content=\"image\/jpeg\" \/>\n<meta name=\"twitter:card\" content=\"summary_large_image\" \/>\n<meta name=\"twitter:label1\" content=\"Tiempo de lectura\" \/>\n\t<meta name=\"twitter:data1\" content=\"1 minuto\" \/>\n<script type=\"application\/ld+json\" class=\"yoast-schema-graph\">{\"@context\":\"https:\/\/schema.org\",\"@graph\":[{\"@type\":\"WebPage\",\"@id\":\"https:\/\/finquescampanya.com\/es\/admin-fincas\/\",\"url\":\"https:\/\/finquescampanya.com\/es\/admin-fincas\/\",\"name\":\"Gesti\u00f3n integral de fincas en Barcelona | Campany\u00e0\",\"isPartOf\":{\"@id\":\"https:\/\/finquescampanya.com\/es\/#website\"},\"datePublished\":\"2026-01-25T23:19:33+00:00\",\"dateModified\":\"2026-02-26T08:45:10+00:00\",\"description\":\"Fincas Campany\u00e0 empresa familiar situada en el barrio de\u00a0Sant Andreu\u00a0que desde hace m\u00e1s de 100 a\u00f1os ofrecemos un amplio abanico de servicios inmobiliarios. Estamos especializados en alquiler y compraventa de inmuebles, como en la administraci\u00f3n de fincas, tanto de alquileres como de comunidades de propietarios.\",\"breadcrumb\":{\"@id\":\"https:\/\/finquescampanya.com\/es\/admin-fincas\/#breadcrumb\"},\"inLanguage\":\"es\",\"potentialAction\":[{\"@type\":\"ReadAction\",\"target\":[\"https:\/\/finquescampanya.com\/es\/admin-fincas\/\"]}]},{\"@type\":\"BreadcrumbList\",\"@id\":\"https:\/\/finquescampanya.com\/es\/admin-fincas\/#breadcrumb\",\"itemListElement\":[{\"@type\":\"ListItem\",\"position\":1,\"name\":\"Inici\",\"item\":\"https:\/\/finquescampanya.com\/es\/\"},{\"@type\":\"ListItem\",\"position\":2,\"name\":\"Fincas\"}]},{\"@type\":\"WebSite\",\"@id\":\"https:\/\/finquescampanya.com\/es\/#website\",\"url\":\"https:\/\/finquescampanya.com\/es\/\",\"name\":\"finquescampanya.com ag\u00e8ncia immobiliaria a Barcelona, Sant Andreu\",\"description\":\"Administradors de finques i agents immobiliaris des de 1915\",\"publisher\":{\"@id\":\"https:\/\/finquescampanya.com\/es\/#organization\"},\"potentialAction\":[{\"@type\":\"SearchAction\",\"target\":{\"@type\":\"EntryPoint\",\"urlTemplate\":\"https:\/\/finquescampanya.com\/es\/?s={search_term_string}\"},\"query-input\":{\"@type\":\"PropertyValueSpecification\",\"valueRequired\":true,\"valueName\":\"search_term_string\"}}],\"inLanguage\":\"es\"},{\"@type\":\"Organization\",\"@id\":\"https:\/\/finquescampanya.com\/es\/#organization\",\"name\":\"Finques campany\u00e0\",\"url\":\"https:\/\/finquescampanya.com\/es\/\",\"logo\":{\"@type\":\"ImageObject\",\"inLanguage\":\"es\",\"@id\":\"https:\/\/finquescampanya.com\/es\/#\/schema\/logo\/image\/\",\"url\":\"https:\/\/finquescampanya.com\/wp-content\/uploads\/2015\/12\/logo-final-pantone-WEB.jpg\",\"contentUrl\":\"https:\/\/finquescampanya.com\/wp-content\/uploads\/2015\/12\/logo-final-pantone-WEB.jpg\",\"width\":627,\"height\":134,\"caption\":\"Finques campany\u00e0\"},\"image\":{\"@id\":\"https:\/\/finquescampanya.com\/es\/#\/schema\/logo\/image\/\"},\"sameAs\":[\"https:\/\/www.facebook.com\/pages\/Finques-Campanya\/115265252208077\"]}]}<\/script>\n<!-- \/ Yoast SEO plugin. -->","yoast_head_json":{"title":"Gesti\u00f3n integral de fincas en Barcelona | Campany\u00e0","description":"Fincas Campany\u00e0 empresa familiar situada en el barrio de\u00a0Sant Andreu\u00a0que desde hace m\u00e1s de 100 a\u00f1os ofrecemos un amplio abanico de servicios inmobiliarios. Estamos especializados en alquiler y compraventa de inmuebles, como en la administraci\u00f3n de fincas, tanto de alquileres como de comunidades de propietarios.","robots":{"index":"index","follow":"follow","max-snippet":"max-snippet:-1","max-image-preview":"max-image-preview:large","max-video-preview":"max-video-preview:-1"},"canonical":"https:\/\/finquescampanya.com\/es\/admin-fincas\/","og_locale":"es_ES","og_type":"article","og_title":"Gesti\u00f3n integral de fincas en Barcelona | Campany\u00e0","og_description":"Fincas Campany\u00e0 empresa familiar situada en el barrio de\u00a0Sant Andreu\u00a0que desde hace m\u00e1s de 100 a\u00f1os ofrecemos un amplio abanico de servicios inmobiliarios. Estamos especializados en alquiler y compraventa de inmuebles, como en la administraci\u00f3n de fincas, tanto de alquileres como de comunidades de propietarios.","og_url":"https:\/\/finquescampanya.com\/es\/admin-fincas\/","og_site_name":"finquescampanya.com ag\u00e8ncia immobiliaria a Barcelona, Sant Andreu","article_publisher":"https:\/\/www.facebook.com\/pages\/Finques-Campanya\/115265252208077","article_modified_time":"2026-02-26T08:45:10+00:00","og_image":[{"width":391,"height":84,"url":"https:\/\/finquescampanya.com\/wp-content\/uploads\/2015\/12\/logo-final-pantone-WEB3.jpg","type":"image\/jpeg"}],"twitter_card":"summary_large_image","twitter_misc":{"Tiempo de lectura":"1 minuto"},"schema":{"@context":"https:\/\/schema.org","@graph":[{"@type":"WebPage","@id":"https:\/\/finquescampanya.com\/es\/admin-fincas\/","url":"https:\/\/finquescampanya.com\/es\/admin-fincas\/","name":"Gesti\u00f3n integral de fincas en Barcelona | Campany\u00e0","isPartOf":{"@id":"https:\/\/finquescampanya.com\/es\/#website"},"datePublished":"2026-01-25T23:19:33+00:00","dateModified":"2026-02-26T08:45:10+00:00","description":"Fincas Campany\u00e0 empresa familiar situada en el barrio de\u00a0Sant Andreu\u00a0que desde hace m\u00e1s de 100 a\u00f1os ofrecemos un amplio abanico de servicios inmobiliarios. Estamos especializados en alquiler y compraventa de inmuebles, como en la administraci\u00f3n de fincas, tanto de alquileres como de comunidades de propietarios.","breadcrumb":{"@id":"https:\/\/finquescampanya.com\/es\/admin-fincas\/#breadcrumb"},"inLanguage":"es","potentialAction":[{"@type":"ReadAction","target":["https:\/\/finquescampanya.com\/es\/admin-fincas\/"]}]},{"@type":"BreadcrumbList","@id":"https:\/\/finquescampanya.com\/es\/admin-fincas\/#breadcrumb","itemListElement":[{"@type":"ListItem","position":1,"name":"Inici","item":"https:\/\/finquescampanya.com\/es\/"},{"@type":"ListItem","position":2,"name":"Fincas"}]},{"@type":"WebSite","@id":"https:\/\/finquescampanya.com\/es\/#website","url":"https:\/\/finquescampanya.com\/es\/","name":"finquescampanya.com ag\u00e8ncia immobiliaria a Barcelona, Sant Andreu","description":"Administradors de finques i agents immobiliaris des de 1915","publisher":{"@id":"https:\/\/finquescampanya.com\/es\/#organization"},"potentialAction":[{"@type":"SearchAction","target":{"@type":"EntryPoint","urlTemplate":"https:\/\/finquescampanya.com\/es\/?s={search_term_string}"},"query-input":{"@type":"PropertyValueSpecification","valueRequired":true,"valueName":"search_term_string"}}],"inLanguage":"es"},{"@type":"Organization","@id":"https:\/\/finquescampanya.com\/es\/#organization","name":"Finques campany\u00e0","url":"https:\/\/finquescampanya.com\/es\/","logo":{"@type":"ImageObject","inLanguage":"es","@id":"https:\/\/finquescampanya.com\/es\/#\/schema\/logo\/image\/","url":"https:\/\/finquescampanya.com\/wp-content\/uploads\/2015\/12\/logo-final-pantone-WEB.jpg","contentUrl":"https:\/\/finquescampanya.com\/wp-content\/uploads\/2015\/12\/logo-final-pantone-WEB.jpg","width":627,"height":134,"caption":"Finques campany\u00e0"},"image":{"@id":"https:\/\/finquescampanya.com\/es\/#\/schema\/logo\/image\/"},"sameAs":["https:\/\/www.facebook.com\/pages\/Finques-Campanya\/115265252208077"]}]}},"_links":{"self":[{"href":"https:\/\/finquescampanya.com\/es\/wp-json\/wp\/v2\/pages\/57789","targetHints":{"allow":["GET"]}}],"collection":[{"href":"https:\/\/finquescampanya.com\/es\/wp-json\/wp\/v2\/pages"}],"about":[{"href":"https:\/\/finquescampanya.com\/es\/wp-json\/wp\/v2\/types\/page"}],"author":[{"embeddable":true,"href":"https:\/\/finquescampanya.com\/es\/wp-json\/wp\/v2\/users\/2"}],"replies":[{"embeddable":true,"href":"https:\/\/finquescampanya.com\/es\/wp-json\/wp\/v2\/comments?post=57789"}],"version-history":[{"count":8,"href":"https:\/\/finquescampanya.com\/es\/wp-json\/wp\/v2\/pages\/57789\/revisions"}],"predecessor-version":[{"id":57813,"href":"https:\/\/finquescampanya.com\/es\/wp-json\/wp\/v2\/pages\/57789\/revisions\/57813"}],"wp:attachment":[{"href":"https:\/\/finquescampanya.com\/es\/wp-json\/wp\/v2\/media?parent=57789"}],"curies":[{"name":"wp","href":"https:\/\/api.w.org\/{rel}","templated":true}]}}